{"id":22744,"date":"2020-12-14T13:00:56","date_gmt":"2020-12-14T12:00:56","guid":{"rendered":"https:\/\/www.interbusinesschamber.com\/produit\/avene-physiolift-baume-nuit-lissant-regenerant-30-ml\/"},"modified":"2020-12-29T13:52:51","modified_gmt":"2020-12-29T12:52:51","slug":"avene-physiolift-baume-nuit-lissant-regenerant-30-ml","status":"publish","type":"product","link":"https:\/\/www.sopha-sahara.com\/en\/product\/avene-physiolift-baume-nuit-lissant-regenerant-30-ml\/","title":{"rendered":"AVENE PHYSIOLIFT BAUME NUIT LISSANT R\u00c9G\u00c9N\u00c9RANT 30 ML"},"content":{"rendered":"<p><strong>CONSEILS D'UTILISATION :<\/strong><\/p>\n<p>Appliquer le\u00a0baume nuit physiolift Avene\u00a0sur l\u2019ensemble\u00a0 du visage, du cou et du d\u00e9collet\u00e9 tous les soirs. Pour les rides tr\u00e8s profondes.<\/p>","protected":false},"excerpt":{"rendered":"<div>\n<p>Raffermit, r\u00e9duit les rides install\u00e9es et d\u00e9fatigue les traits, pour une peau plus lumineuse au r\u00e9veil.<\/p>\n<p>Une formule \u00e9labor\u00e9e pour s&rsquo;adapter aux biorythmes de la peau : &#8211; Renforce la fermet\u00e9 de la peau, r\u00e9duit les rides install\u00e9es et r\u00e9g\u00e9n\u00e8re la peau. Il b\u00e9n\u00e9ficie de l&rsquo;action compl\u00e9mentaire de l&rsquo;AscofillineTM, des Mono-Oligom\u00e8res d&rsquo;Acide Hyaluronique et du R\u00e9tinald\u00e9hyde : l&rsquo;activit\u00e9 cellulaire est relanc\u00e9e, et la peau recharg\u00e9e* en collag\u00e8ne et en acide hyaluronique. &#8211; D\u00e9froisse les traits, pour une peau lumineuse au r\u00e9veil, gr\u00e2ce aux effets d\u00e9toxifiants de l&rsquo;Hesp\u00e9ridine Methyl Chalcone. &#8211; Apaise : riche en Eau thermale d&rsquo;Av\u00e8ne, apaisante et anti-irritante. *Tests in-vitro<\/p>\n<p>Ultra-r\u00e9confortante et d\u00e9licatement parfum\u00e9e, sa texture \u00ab\u00a0baume\u00a0\u00bb procure un effet r\u00e9g\u00e9n\u00e9rant tout au long de la nuit, et convient \u00e0 tous les types de peau. Sa bonne tol\u00e9rance a \u00e9t\u00e9 test\u00e9e sur peaux sensibles.<\/p>\n<\/div>\n<p>100% des femmes estiment que leur peau est repos\u00e9e et leurs traits d\u00e9froiss\u00e9s au r\u00e9veil.*<\/p>","protected":false},"featured_media":22696,"template":"","meta":{"arc_restricted_post":false},"product_cat":[329,48],"product_tag":[],"_links":{"self":[{"href":"https:\/\/www.sopha-sahara.com\/en\/wp-json\/wp\/v2\/product\/22744"}],"collection":[{"href":"https:\/\/www.sopha-sahara.com\/en\/wp-json\/wp\/v2\/product"}],"about":[{"href":"https:\/\/www.sopha-sahara.com\/en\/wp-json\/wp\/v2\/types\/product"}],"wp:featuredmedia":[{"embeddable":true,"href":"https:\/\/www.sopha-sahara.com\/en\/wp-json\/wp\/v2\/media\/22696"}],"wp:attachment":[{"href":"https:\/\/www.sopha-sahara.com\/en\/wp-json\/wp\/v2\/media?parent=22744"}],"wp:term":[{"taxonomy":"product_cat","embeddable":true,"href":"https:\/\/www.sopha-sahara.com\/en\/wp-json\/wp\/v2\/product_cat?post=22744"},{"taxonomy":"product_tag","embeddable":true,"href":"https:\/\/www.sopha-sahara.com\/en\/wp-json\/wp\/v2\/product_tag?post=22744"}],"curies":[{"name":"wp","href":"https:\/\/api.w.org\/{rel}","templated":true}]}}