{"id":22743,"date":"2020-12-14T13:00:55","date_gmt":"2020-12-14T12:00:55","guid":{"rendered":"https:\/\/www.interbusinesschamber.com\/produit\/offre-speciale-avene-cleanance-gel-nettoyant-sans-savon-flacon-de-300-ml\/"},"modified":"2020-12-29T14:14:48","modified_gmt":"2020-12-29T13:14:48","slug":"offre-speciale-avene-cleanance-gel-nettoyant-sans-savon-flacon-de-300-ml","status":"publish","type":"product","link":"https:\/\/www.sopha-sahara.com\/en\/product\/offre-speciale-avene-cleanance-gel-nettoyant-sans-savon-flacon-de-300-ml\/","title":{"rendered":"OFFRE SP\u00c9CIALE AV\u00c8NE CLEANANCE GEL NETTOYANT SANS SAVON (FLACON DE 300 ML)"},"content":{"rendered":"<p><strong>UTILISATION:<\/strong>\u00a0<br \/>S'applique matin et soir sur une peau humide. Faire mousser puis rincer abondamment.\u00a0<\/p>\n<p><strong>COMPOSANTS:<\/strong>\u00a0<br \/>Extrait de Curcubita pepo, Gluconate de zinc et Eau thermale d'Av\u00e8ne. Parfum , Conservateur , Compatibilit\u00e9 maquillage , Compatibilit\u00e9 peau sensible \/ r\u00e9active , Compatibilit\u00e9 pH cutan\u00e9 ou muqueux , Base lavante douce.\u00a0<\/p>","protected":false},"excerpt":{"rendered":"<p>Offre sp\u00e9ciale Av\u00e8ne Cleanance Gel Nettoyant Sans Savon (flacon de 300 ml)\u00a0<\/p>\n<p>Ce gel nettoie tout en douceur, sans agresser ni d\u00e9caper la peau. Il \u00e9limine l&rsquo;exc\u00e8s de s\u00e9bum et purifie l&rsquo;\u00e9piderme tout en respectant son pH physiologique. Le gel Cleanance est compos\u00e9 d&rsquo;un trio d&rsquo;actifs rigoureusement s\u00e9lectionn\u00e9s et adapt\u00e9s aux peaux jeunes \u00e0 probl\u00e8mes. Visage et corps des peaux jeunes \u00e0 probl\u00e8mes.\u00a0<\/p>","protected":false},"featured_media":22725,"template":"","meta":{"arc_restricted_post":false},"product_cat":[329,48],"product_tag":[],"_links":{"self":[{"href":"https:\/\/www.sopha-sahara.com\/en\/wp-json\/wp\/v2\/product\/22743"}],"collection":[{"href":"https:\/\/www.sopha-sahara.com\/en\/wp-json\/wp\/v2\/product"}],"about":[{"href":"https:\/\/www.sopha-sahara.com\/en\/wp-json\/wp\/v2\/types\/product"}],"wp:featuredmedia":[{"embeddable":true,"href":"https:\/\/www.sopha-sahara.com\/en\/wp-json\/wp\/v2\/media\/22725"}],"wp:attachment":[{"href":"https:\/\/www.sopha-sahara.com\/en\/wp-json\/wp\/v2\/media?parent=22743"}],"wp:term":[{"taxonomy":"product_cat","embeddable":true,"href":"https:\/\/www.sopha-sahara.com\/en\/wp-json\/wp\/v2\/product_cat?post=22743"},{"taxonomy":"product_tag","embeddable":true,"href":"https:\/\/www.sopha-sahara.com\/en\/wp-json\/wp\/v2\/product_tag?post=22743"}],"curies":[{"name":"wp","href":"https:\/\/api.w.org\/{rel}","templated":true}]}}