{"id":22742,"date":"2020-12-14T13:00:55","date_gmt":"2020-12-14T12:00:55","guid":{"rendered":"https:\/\/www.interbusinesschamber.com\/produit\/avene-spray-deau-thermale-150ml\/"},"modified":"2020-12-29T14:05:18","modified_gmt":"2020-12-29T13:05:18","slug":"avene-spray-deau-thermale-150ml","status":"publish","type":"product","link":"https:\/\/www.sopha-sahara.com\/en\/product\/avene-spray-deau-thermale-150ml\/","title":{"rendered":"AVENE SPRAY D&rsquo;EAU THERMALE 150ML"},"content":{"rendered":"<p><strong>Ses Bienfaits<\/strong><\/p>\n<p>Une sensation de douceur vous enveloppe et vous apaise.<br \/>C\u2019est toute la tendresse et la puret\u00e9 de l\u2019Eau thermale d\u2019Av\u00e8ne qui vous prot\u00e8gent durablement\u2026<\/p>\n<p>o\u00a0\u00a0\u00a0 apr\u00e8s un post-acte chirurgical<br \/>o\u00a0\u00a0\u00a0 en cas de rougeur du visage<br \/>o\u00a0\u00a0\u00a0 en cas d\u2019irritations cutan\u00e9es<br \/>o\u00a0\u00a0\u00a0 apr\u00e8s un coup de soleil<br \/>o\u00a0\u00a0\u00a0 lors de rougeur du si\u00e8ge du b\u00e9b\u00e9<br \/>o\u00a0\u00a0\u00a0 apr\u00e8s le d\u00e9maquillage<br \/>o\u00a0\u00a0\u00a0 apr\u00e8s le rasage<br \/>o\u00a0\u00a0\u00a0 apr\u00e8s un effort sportif<br \/>o\u00a0\u00a0\u00a0 apr\u00e8s l\u2019\u00e9pilation<br \/>o\u00a0\u00a0\u00a0 en voyage pour se rafra\u00eechir<\/p>\n<p><strong>Est-il fait pour moi ?<\/strong><\/p>\n<p>Le Spray d'Eau thermale est particuli\u00e8rement indiqu\u00e9 pour les peaux sensibles, hypersensibles, allergiques ou irrit\u00e9es.<\/p>","protected":false},"excerpt":{"rendered":"<p>Directement pr\u00e9lev\u00e9e \u00e0 sa Source, l\u2019Eau thermale d\u2019Av\u00e8ne conserve intactes toutes ses propri\u00e9t\u00e9s apaisantes, anti-irritantes et adoucissantes.<\/p>","protected":false},"featured_media":22711,"template":"","meta":{"arc_restricted_post":false},"product_cat":[329,48],"product_tag":[],"_links":{"self":[{"href":"https:\/\/www.sopha-sahara.com\/en\/wp-json\/wp\/v2\/product\/22742"}],"collection":[{"href":"https:\/\/www.sopha-sahara.com\/en\/wp-json\/wp\/v2\/product"}],"about":[{"href":"https:\/\/www.sopha-sahara.com\/en\/wp-json\/wp\/v2\/types\/product"}],"wp:featuredmedia":[{"embeddable":true,"href":"https:\/\/www.sopha-sahara.com\/en\/wp-json\/wp\/v2\/media\/22711"}],"wp:attachment":[{"href":"https:\/\/www.sopha-sahara.com\/en\/wp-json\/wp\/v2\/media?parent=22742"}],"wp:term":[{"taxonomy":"product_cat","embeddable":true,"href":"https:\/\/www.sopha-sahara.com\/en\/wp-json\/wp\/v2\/product_cat?post=22742"},{"taxonomy":"product_tag","embeddable":true,"href":"https:\/\/www.sopha-sahara.com\/en\/wp-json\/wp\/v2\/product_tag?post=22742"}],"curies":[{"name":"wp","href":"https:\/\/api.w.org\/{rel}","templated":true}]}}