{"id":22741,"date":"2020-12-14T13:00:55","date_gmt":"2020-12-14T12:00:55","guid":{"rendered":"https:\/\/www.interbusinesschamber.com\/produit\/avene-cicalfate-creme-reparatrice-40ml\/"},"modified":"2020-12-29T12:40:59","modified_gmt":"2020-12-29T11:40:59","slug":"avene-cicalfate-creme-reparatrice-40ml","status":"publish","type":"product","link":"https:\/\/www.sopha-sahara.com\/en\/product\/avene-cicalfate-creme-reparatrice-40ml\/","title":{"rendered":"AVENE CICALFATE + CREME REPARATRICE 40ML"},"content":{"rendered":"<h4 class=\"tabs-title\">Conseils d'utilisation<\/h4>\n<div class=\"std new-std\">\n<p>Appliquer 2 fois par jour sur une peau pr\u00e9alablement nettoy\u00e9e et s\u00e9ch\u00e9e.<\/p>\n<\/div>","protected":false},"excerpt":{"rendered":"<p>Une formule \u00e0 la fois\u00a0R\u00c9PARATRICE\u00a0et\u00a0PROTECTRICE, tr\u00e8s bien tol\u00e9r\u00e9e, Cicalfate+ est la cr\u00e8me pour les irritations de toute la famille.<br \/>Encore plus efficace, imm\u00e9diatement\u00a0APAISANTE, gr\u00e2ce \u00e0 une association unique d&rsquo;actifs :\u00a0<br \/>1. R\u00c9PARATRICE<br \/>[C+-Restore]TM, 1er actif r\u00e9parateur postbiotique, issu de l&rsquo;Eau thermale d&rsquo;Av\u00e8ne, favorise la r\u00e9paration de l&rsquo;\u00e9piderme.<br \/>2. ASSAINISSANTE<br \/>L&rsquo;association sulfate de cuivre &#8211; sulfate de zinc limite le risque de prolif\u00e9ration bact\u00e9rienne.<br \/>3. APAISANTE<br \/>Riche en Eau thermale d&rsquo;Av\u00e8ne, elle apaise les \u00e9pidermes fragilis\u00e9s.<\/p>\n","protected":false},"featured_media":22658,"template":"","meta":{"arc_restricted_post":false},"product_cat":[329,48],"product_tag":[],"_links":{"self":[{"href":"https:\/\/www.sopha-sahara.com\/en\/wp-json\/wp\/v2\/product\/22741"}],"collection":[{"href":"https:\/\/www.sopha-sahara.com\/en\/wp-json\/wp\/v2\/product"}],"about":[{"href":"https:\/\/www.sopha-sahara.com\/en\/wp-json\/wp\/v2\/types\/product"}],"wp:featuredmedia":[{"embeddable":true,"href":"https:\/\/www.sopha-sahara.com\/en\/wp-json\/wp\/v2\/media\/22658"}],"wp:attachment":[{"href":"https:\/\/www.sopha-sahara.com\/en\/wp-json\/wp\/v2\/media?parent=22741"}],"wp:term":[{"taxonomy":"product_cat","embeddable":true,"href":"https:\/\/www.sopha-sahara.com\/en\/wp-json\/wp\/v2\/product_cat?post=22741"},{"taxonomy":"product_tag","embeddable":true,"href":"https:\/\/www.sopha-sahara.com\/en\/wp-json\/wp\/v2\/product_tag?post=22741"}],"curies":[{"name":"wp","href":"https:\/\/api.w.org\/{rel}","templated":true}]}}