{"id":22739,"date":"2020-12-14T13:00:55","date_gmt":"2020-12-14T12:00:55","guid":{"rendered":"https:\/\/www.interbusinesschamber.com\/produit\/avene-lotion-nettoyante-200ml\/"},"modified":"2020-12-29T13:50:59","modified_gmt":"2020-12-29T12:50:59","slug":"avene-lotion-nettoyante-200ml","status":"publish","type":"product","link":"https:\/\/www.sopha-sahara.com\/en\/product\/avene-lotion-nettoyante-200ml\/","title":{"rendered":"AVENE LOTION NETTOYANTE 200ML"},"content":{"rendered":"<p><strong>Ses Bienfaits<\/strong><\/p>\n<p><strong><br \/><\/strong>La Lotion pour peaux intol\u00e9rantes b\u00e9n\u00e9ficie du nouvel actif, la parc\u00e9rine, qui permet de diminuer la r\u00e9activit\u00e9 cutan\u00e9e<\/p>\n<p>o\u00a0\u00a0\u00a0\u00a0Calme l\u2019irritation\u00a0gr\u00e2ce \u00e0 l\u2019Eau thermale d\u2019Av\u00e8ne, naturellement apaisante et anti-irritante, alli\u00e9e \u00e0 la parc\u00e9rine.<\/p>\n<p>o\u00a0\u00a0\u00a0\u00a0Nettoie et d\u00e9maquille parfaitement :\u00a0son agent nettoyant tr\u00e8s doux d\u2019origine v\u00e9g\u00e9tale \u00e9vite l\u2019irritation suppl\u00e9mentaire que peut provoquer le rin\u00e7age \u00e0 l\u2019eau.<\/p>\n<p>o\u00a0\u00a0\u00a0\u00a0Haute Tol\u00e9rance :\u00a0Sa formule est \u00e9labor\u00e9e avec un minimum d\u2019ingr\u00e9dients s\u00e9lectionn\u00e9s pour leur grande douceur.<strong><\/p>\n<p>Est-elle faite pour moi ?<\/p>\n<p><\/strong>La Lotion pour peaux intol\u00e9rantes est particuli\u00e8rement indiqu\u00e9e pour les peaux hypersensibles irritables. Tr\u00e8s fluide et tr\u00e8s fra\u00eeche \u00e0 l\u2019application elle laisse la peau nette et confortable sans aucune sensation de tiraillement.<strong><\/p>\n<p>Le Bon Geste<\/p>\n<p><\/strong>o\u00a0\u00a0\u00a0 Appliquez matin et soir \u00e0 l\u2019aide d\u2019un coton ou du bout des doigts en effectuant de l\u00e9gers massages circulaires. Essuyer d\u00e9licatement sans frotter. Renouveler l\u2019application si n\u00e9cessaire.\u00a0<br \/>o\u00a0\u00a0\u00a0 Il est conseill\u00e9 de terminer par une fine pulv\u00e9risation d\u2019Eau thermale d\u2019Av\u00e8ne avant d\u2019appliquer la Cr\u00e8me ou la Cr\u00e8me riche pour peaux intol\u00e9rantes en fonction de votre type de peau.<\/p>","protected":false},"excerpt":{"rendered":"<p>Nettoie et d\u00e9maquillage (visage et les yeux) la peau naturellement sensible ou devenue irritable.<br \/>Sans rin\u00e7age, Sans parfum, Sans paraben.<\/p>","protected":false},"featured_media":22694,"template":"","meta":{"arc_restricted_post":false},"product_cat":[329,48],"product_tag":[],"_links":{"self":[{"href":"https:\/\/www.sopha-sahara.com\/en\/wp-json\/wp\/v2\/product\/22739"}],"collection":[{"href":"https:\/\/www.sopha-sahara.com\/en\/wp-json\/wp\/v2\/product"}],"about":[{"href":"https:\/\/www.sopha-sahara.com\/en\/wp-json\/wp\/v2\/types\/product"}],"wp:featuredmedia":[{"embeddable":true,"href":"https:\/\/www.sopha-sahara.com\/en\/wp-json\/wp\/v2\/media\/22694"}],"wp:attachment":[{"href":"https:\/\/www.sopha-sahara.com\/en\/wp-json\/wp\/v2\/media?parent=22739"}],"wp:term":[{"taxonomy":"product_cat","embeddable":true,"href":"https:\/\/www.sopha-sahara.com\/en\/wp-json\/wp\/v2\/product_cat?post=22739"},{"taxonomy":"product_tag","embeddable":true,"href":"https:\/\/www.sopha-sahara.com\/en\/wp-json\/wp\/v2\/product_tag?post=22739"}],"curies":[{"name":"wp","href":"https:\/\/api.w.org\/{rel}","templated":true}]}}