{"id":22738,"date":"2020-12-14T13:00:55","date_gmt":"2020-12-14T12:00:55","guid":{"rendered":"https:\/\/www.interbusinesschamber.com\/produit\/avene-solaire-sunsimed-tres-haute-protection-peaux-sensibles-80ml\/"},"modified":"2020-12-29T14:04:50","modified_gmt":"2020-12-29T13:04:50","slug":"avene-solaire-sunsimed-tres-haute-protection-peaux-sensibles-80ml","status":"publish","type":"product","link":"https:\/\/www.sopha-sahara.com\/en\/product\/avene-solaire-sunsimed-tres-haute-protection-peaux-sensibles-80ml\/","title":{"rendered":"AVENE SOLAIRE SUNSIMED TRES HAUTE PROTECTION PEAUX SENSIBLES 80ML"},"content":{"rendered":"<div class=\"product-tabs\">\n<div class=\"std new-std\">\n<p>SunsiMed offre une r\u00e9ponse parfaitement adapt\u00e9e aux peaux hypersensibles au soleil. Gr\u00e2ce \u00e0 son complexe photoprotecteur exclusif issu de la Recherche Pierre Fabre, SunsiMed prot\u00e8ge la peau au quotidien face au rayonnement solaire.<br \/>\u2022 Un syst\u00e8me filtrant photostable pour une protection UVB-UVA optimale.<br \/>\u2022 Un puissant antioxydant, le Pr\u00e9-tocoph\u00e9ryl, pour une protection cellulaire renforc\u00e9e.<br \/>\u2022 De l'Eau thermale d'Av\u00e8ne, reconnue pour ses propri\u00e9t\u00e9s apaisantes et anti-irritantes.<\/p>\n<p>\u2022 Pr\u00e9vention des l\u00e9sions canc\u00e9reuses (hors m\u00e9lanomes) et pr\u00e9canc\u00e9reuses de type k\u00e9ratose actinique.<br \/>\u2022 Pr\u00e9vention des l\u00e9sions d'ADN photo-induites.<br \/>\u2022 Pr\u00e9vention du photovieillissement cutan\u00e9.<br \/>\u2022 Pr\u00e9vention du stress oxydatif induit par les rayons UVB-UVA, visibles et infrarouges.<\/p>\n<\/div>\n<\/div>\n<div class=\"product-tabs\">\n<h4 class=\"tabs-title\">Conseils d'utilisation<\/h4>\n<div class=\"std new-std\">\n<p>Appliquer chaque matin uniform\u00e9ment sur le visage et les zones du corps expos\u00e9es au soleil au cours de la journ\u00e9e.\u00a0<br \/>Renouveler l'application en cas d'exposition prolong\u00e9e, de forte transpiration ou de contact avec l'eau.\u00a0<br \/>Eviter le contact direct avec le soleil en utilisant une protection vestimentaire (chapeau, lunettes, T-shirt...).<br \/>Les illustrations ci-apr\u00e8s vous serviront de r\u00e9f\u00e9rence pour \u00e9valuer les doses (= pressions) approximatives de produit n\u00e9cessaire pour les diff\u00e9rentes zones du corps.<\/p>\n<p>Le niveau de protection peut \u00eatre diminu\u00e9 si vous utilisez une quantit\u00e9 moindre.<\/p>\n<p>Visage - 2 pressions<br \/>Cou -1 pression<br \/>Cr\u00e2ne - 3 pressions<br \/>D\u00e9collet\u00e9 -1 pression<br \/>Avant-bras -1 \u00e0 2 pressions par avant-bras<br \/>Main -1 pression par main<\/p>\n<\/div>\n<\/div>\n<div class=\"product-tabs\">\n<h4 class=\"tabs-title\">Composition<\/h4>\n<div class=\"std new-std\">\n<p>Formule INCI:\u00a0Avene Thermal Spring Water (Avene Aqua), Methylene Bis-Benzotriazolyl Tetramethylbutylphenol (Nano), Bis-Ethylhexyloxyphenol Methoxyphenyl Triazine, Diethylhexyl Butamido Triazone, Butyl Methoxydibenzoylmethane, Benzoic Acid, Caprylyl Glycol, Tocopheryl Glucoside, Excipients.<\/p>\n<\/div>\n<\/div>","protected":false},"excerpt":{"rendered":"<p>SunsiMed<br \/>Pr\u00e9vention des k\u00e9ratoses actiniques, des cancers cutan\u00e9s (hors m\u00e9lanomes) et du photovieillissement cutan\u00e9\u00a0<br \/>Tr\u00e8s haute protection UVB &#8211; UVA\u00a0<br \/>Peaux sensibles<br \/>Dispositif m\u00e9dical<br \/>80ml<\/p>\n<p>Dispositif m\u00e9dical destin\u00e9 aux peaux hypersensibles au soleil, en pr\u00e9vention des cancers cutan\u00e9s (hors m\u00e9lanomes) et des k\u00e9ratoses actiniques.<\/p>","protected":false},"featured_media":22710,"template":"","meta":{"arc_restricted_post":false},"product_cat":[329,48],"product_tag":[],"_links":{"self":[{"href":"https:\/\/www.sopha-sahara.com\/en\/wp-json\/wp\/v2\/product\/22738"}],"collection":[{"href":"https:\/\/www.sopha-sahara.com\/en\/wp-json\/wp\/v2\/product"}],"about":[{"href":"https:\/\/www.sopha-sahara.com\/en\/wp-json\/wp\/v2\/types\/product"}],"wp:featuredmedia":[{"embeddable":true,"href":"https:\/\/www.sopha-sahara.com\/en\/wp-json\/wp\/v2\/media\/22710"}],"wp:attachment":[{"href":"https:\/\/www.sopha-sahara.com\/en\/wp-json\/wp\/v2\/media?parent=22738"}],"wp:term":[{"taxonomy":"product_cat","embeddable":true,"href":"https:\/\/www.sopha-sahara.com\/en\/wp-json\/wp\/v2\/product_cat?post=22738"},{"taxonomy":"product_tag","embeddable":true,"href":"https:\/\/www.sopha-sahara.com\/en\/wp-json\/wp\/v2\/product_tag?post=22738"}],"curies":[{"name":"wp","href":"https:\/\/api.w.org\/{rel}","templated":true}]}}