{"id":22737,"date":"2020-12-14T13:00:55","date_gmt":"2020-12-14T12:00:55","guid":{"rendered":"https:\/\/www.interbusinesschamber.com\/produit\/avene-couvrance-fonds-de-teint-correcteur-fluide-n3-sable-30-ml\/"},"modified":"2020-12-29T13:37:44","modified_gmt":"2020-12-29T12:37:44","slug":"avene-couvrance-fonds-de-teint-correcteur-fluide-n3-sable-30-ml","status":"publish","type":"product","link":"https:\/\/www.sopha-sahara.com\/en\/product\/avene-couvrance-fonds-de-teint-correcteur-fluide-n3-sable-30-ml\/","title":{"rendered":"AV\u00c8NE COUVRANCE FONDS DE TEINT CORRECTEUR FLUIDE N\u00b03 SABLE (30 ML)"},"content":{"rendered":"<h4>Conseils\u00a0<\/h4>\n<p>Appliquez le fond de teint fluide sable Couvrance avec les doigts. Unifiez-le sur l'ensemble du visage sans oublier le cou.<\/p>","protected":false},"excerpt":{"rendered":"<p><strong>Av\u00e8ne Couvrance fond de teint fluide sable<\/strong>\u00a0corrige les imperfections cutan\u00e9es et unifie le teint. Ce fond de teint fluide assure une haute tenue gr\u00e2ce \u00e0 sa r\u00e9sistance \u00e0 l&rsquo;eau et \u00e0 la sueur pour un teint unifi\u00e9 toute la journ\u00e9e.\u00a0<strong>Av\u00e8ne Couvrance fond de teint fluide sable<\/strong>\u00a0offre \u00e9galement une protection anti-UV SPF20 pour prot\u00e9ger la peau des rayons du soleil. Sa formule contient du pr\u00e9-tocoph\u00e9ryl pour prot\u00e9ger la peau contre le vieillissement photo-induit.\u00a0<\/p>\n<p>Le\u00a0<strong>fond de teint fluide Couvrance Av\u00e8ne n\u00b03<\/strong>\u00a0vous assure un teint parfait et uniforme. Il convient parfaitement aux peaux sensibles et camoufle de fa\u00e7on tr\u00e8s naturelle les imperfections mod\u00e9r\u00e9es gr\u00e2ce \u00e0 son pouvoir couvrant.<\/p>","protected":false},"featured_media":22679,"template":"","meta":{"arc_restricted_post":false},"product_cat":[329,48],"product_tag":[],"_links":{"self":[{"href":"https:\/\/www.sopha-sahara.com\/en\/wp-json\/wp\/v2\/product\/22737"}],"collection":[{"href":"https:\/\/www.sopha-sahara.com\/en\/wp-json\/wp\/v2\/product"}],"about":[{"href":"https:\/\/www.sopha-sahara.com\/en\/wp-json\/wp\/v2\/types\/product"}],"wp:featuredmedia":[{"embeddable":true,"href":"https:\/\/www.sopha-sahara.com\/en\/wp-json\/wp\/v2\/media\/22679"}],"wp:attachment":[{"href":"https:\/\/www.sopha-sahara.com\/en\/wp-json\/wp\/v2\/media?parent=22737"}],"wp:term":[{"taxonomy":"product_cat","embeddable":true,"href":"https:\/\/www.sopha-sahara.com\/en\/wp-json\/wp\/v2\/product_cat?post=22737"},{"taxonomy":"product_tag","embeddable":true,"href":"https:\/\/www.sopha-sahara.com\/en\/wp-json\/wp\/v2\/product_tag?post=22737"}],"curies":[{"name":"wp","href":"https:\/\/api.w.org\/{rel}","templated":true}]}}