{"id":22736,"date":"2020-12-14T13:00:55","date_gmt":"2020-12-14T12:00:55","guid":{"rendered":"https:\/\/www.interbusinesschamber.com\/produit\/avene-cleanance-expert-soin-emulsion-imperfections-legeres-a-moderees-40-ml\/"},"modified":"2020-12-29T12:43:04","modified_gmt":"2020-12-29T11:43:04","slug":"avene-cleanance-expert-soin-emulsion-imperfections-legeres-a-moderees-40-ml","status":"publish","type":"product","link":"https:\/\/www.sopha-sahara.com\/en\/product\/avene-cleanance-expert-soin-emulsion-imperfections-legeres-a-moderees-40-ml\/","title":{"rendered":"AVENE CLEANANCE EXPERT SOIN-EMULSION IMPERFECTIONS L\u00c9G\u00c8RES \u00c0 MOD\u00c9R\u00c9ES 40 ML"},"content":{"rendered":"<p><strong>CONSEILS D'UTILISATION :<\/strong><\/p>\n<div class=\"conseils\">\n<p>Appliquer cette \u00e9mulsion AVENE directement sur les boutons et les points noirs une \u00e0 deux fois par jour, le matin et le soir. Pour une action pr\u00e9ventive, l\u2019\u00e9taler sur une zone souvent sujette aux imperfections cutan\u00e9es. Bien nettoyer et s\u00e9cher la peau avant l\u2019application.\u00a0<\/p>\n<p>Cleanance Expert AVENE peut \u00eatre utilis\u00e9e en compl\u00e9ment d\u2019un traitement de l\u2019\u00e9piderme \u00e0 base de m\u00e9dicaments.<\/p>\n<\/div>","protected":false},"excerpt":{"rendered":"<p>Soin favorisant l&rsquo;\u00e9limination des imperfections l\u00e9g\u00e8res \u00e0 mod\u00e9r\u00e9es : boutons et points noirs.<\/p>\n<p>Anti-imperfections : Diol\u00e9nyl\u00ae*, innovation brevet\u00e9e issue de la Recherche Pierre Fabre, exerce une triple action s\u00e9lective pour limiter le risque de prolif\u00e9ration bact\u00e9rienne (d\u00e9montr\u00e9 in vitro sur P. acnes), r\u00e9duire les rougeurs et favoriser l&rsquo;\u00e9limination des boutons. Exfoliant : X-PressinTM* favorise la diminution des points noirs et lisse le grain de peau. Matifiant : La Monolaurine* r\u00e9gule l&rsquo;hyperproduction de s\u00e9bum. Apaisant : L\u2019Eau thermale d&rsquo;Av\u00e8ne restitue toutes ses propri\u00e9t\u00e9s apaisantes et anti-irritantes. * Brevets d\u00e9pos\u00e9s. Cleanance EXPERT est une \u00e9mulsion onctueuse, qui s\u2019\u00e9tale facilement. Rapidement absorb\u00e9e, elle laisse la peau hydrat\u00e9e et matifi\u00e9e. Il constitue une bonne base de maquillage.<\/p>\n<p>Cleanance EXPERT est particuli\u00e8rement indiqu\u00e9 pour les peaux \u00e0 tendance acn\u00e9ique pr\u00e9sentant des boutons et des points noirs.<\/p>","protected":false},"featured_media":22664,"template":"","meta":{"arc_restricted_post":false},"product_cat":[329,48],"product_tag":[],"_links":{"self":[{"href":"https:\/\/www.sopha-sahara.com\/en\/wp-json\/wp\/v2\/product\/22736"}],"collection":[{"href":"https:\/\/www.sopha-sahara.com\/en\/wp-json\/wp\/v2\/product"}],"about":[{"href":"https:\/\/www.sopha-sahara.com\/en\/wp-json\/wp\/v2\/types\/product"}],"wp:featuredmedia":[{"embeddable":true,"href":"https:\/\/www.sopha-sahara.com\/en\/wp-json\/wp\/v2\/media\/22664"}],"wp:attachment":[{"href":"https:\/\/www.sopha-sahara.com\/en\/wp-json\/wp\/v2\/media?parent=22736"}],"wp:term":[{"taxonomy":"product_cat","embeddable":true,"href":"https:\/\/www.sopha-sahara.com\/en\/wp-json\/wp\/v2\/product_cat?post=22736"},{"taxonomy":"product_tag","embeddable":true,"href":"https:\/\/www.sopha-sahara.com\/en\/wp-json\/wp\/v2\/product_tag?post=22736"}],"curies":[{"name":"wp","href":"https:\/\/api.w.org\/{rel}","templated":true}]}}