{"id":22735,"date":"2020-12-14T13:00:55","date_gmt":"2020-12-14T12:00:55","guid":{"rendered":"https:\/\/www.interbusinesschamber.com\/produit\/avene-physiolift-precision-soin-combleur-15ml\/"},"modified":"2020-12-29T13:54:51","modified_gmt":"2020-12-29T12:54:51","slug":"avene-physiolift-precision-soin-combleur-15ml","status":"publish","type":"product","link":"https:\/\/www.sopha-sahara.com\/en\/product\/avene-physiolift-precision-soin-combleur-15ml\/","title":{"rendered":"AVENE PHYSIOLIFT PRECISION SOIN COMBLEUR 15ML"},"content":{"rendered":"","protected":false},"excerpt":{"rendered":"<p>HAUTEMENT CONCENTR\u00c9\u00a0en actifs anti-\u00e2ge, il corrige visiblement les rides les plus marqu\u00e9es et les sillons profonds : front, patte d&rsquo;oie, rides intersourcili\u00e8res, contour de la bouche. Il b\u00e9n\u00e9ficie de l&rsquo;action compl\u00e9mentaire de l&rsquo;AscofillineTM, des Mono-Oligom\u00e8res d&rsquo;Acide Hyaluronique et du R\u00e9tinald\u00e9hyde.<\/p>\n<p>APAISE\u00a0: riche en Eau thermale d&rsquo;Av\u00e8ne, apaisante et anti-irritante.<\/p>","protected":false},"featured_media":22699,"template":"","meta":{"arc_restricted_post":false},"product_cat":[329,48],"product_tag":[],"_links":{"self":[{"href":"https:\/\/www.sopha-sahara.com\/en\/wp-json\/wp\/v2\/product\/22735"}],"collection":[{"href":"https:\/\/www.sopha-sahara.com\/en\/wp-json\/wp\/v2\/product"}],"about":[{"href":"https:\/\/www.sopha-sahara.com\/en\/wp-json\/wp\/v2\/types\/product"}],"wp:featuredmedia":[{"embeddable":true,"href":"https:\/\/www.sopha-sahara.com\/en\/wp-json\/wp\/v2\/media\/22699"}],"wp:attachment":[{"href":"https:\/\/www.sopha-sahara.com\/en\/wp-json\/wp\/v2\/media?parent=22735"}],"wp:term":[{"taxonomy":"product_cat","embeddable":true,"href":"https:\/\/www.sopha-sahara.com\/en\/wp-json\/wp\/v2\/product_cat?post=22735"},{"taxonomy":"product_tag","embeddable":true,"href":"https:\/\/www.sopha-sahara.com\/en\/wp-json\/wp\/v2\/product_tag?post=22735"}],"curies":[{"name":"wp","href":"https:\/\/api.w.org\/{rel}","templated":true}]}}