{"id":22734,"date":"2020-12-14T13:00:55","date_gmt":"2020-12-14T12:00:55","guid":{"rendered":"https:\/\/www.interbusinesschamber.com\/produit\/avene-physiolift-yeux-rides-poches-cernes-15ml\/"},"modified":"2020-12-29T13:55:09","modified_gmt":"2020-12-29T12:55:09","slug":"avene-physiolift-yeux-rides-poches-cernes-15ml","status":"publish","type":"product","link":"https:\/\/www.sopha-sahara.com\/en\/product\/avene-physiolift-yeux-rides-poches-cernes-15ml\/","title":{"rendered":"AVENE PHYSIOLIFT YEUX RIDES, POCHES, CERNES 15ML"},"content":{"rendered":"","protected":false},"excerpt":{"rendered":"<p>COMBLE LES RIDES ET RETEND LA PEAU DU CONTOUR DE L&rsquo;OEIL. Il b\u00e9n\u00e9ficie de l&rsquo;action compl\u00e9mentaire de l&rsquo;AscofillineTM, des Mono-Oligom\u00e8res d&rsquo;Acide Hyaluronique et du R\u00e9tinald\u00e9hyde : la peau recharg\u00e9e* en collag\u00e8ne et en acide hyaluronique.<\/p>\n<p>ATT\u00c9NUE LES POCHES ET LES CERNES PERSISTANTS, gr\u00e2ce aux effets d\u00e9congestionnants du Sulfate de Dextan.<\/p>\n<p>APAISE\u00a0: riche en Eau thermale d&rsquo;Av\u00e8ne, apaisante et anti-irritante.<\/p>\n<p>*Tests in-vitro<\/p>","protected":false},"featured_media":22700,"template":"","meta":{"arc_restricted_post":false},"product_cat":[329,48],"product_tag":[],"_links":{"self":[{"href":"https:\/\/www.sopha-sahara.com\/en\/wp-json\/wp\/v2\/product\/22734"}],"collection":[{"href":"https:\/\/www.sopha-sahara.com\/en\/wp-json\/wp\/v2\/product"}],"about":[{"href":"https:\/\/www.sopha-sahara.com\/en\/wp-json\/wp\/v2\/types\/product"}],"wp:featuredmedia":[{"embeddable":true,"href":"https:\/\/www.sopha-sahara.com\/en\/wp-json\/wp\/v2\/media\/22700"}],"wp:attachment":[{"href":"https:\/\/www.sopha-sahara.com\/en\/wp-json\/wp\/v2\/media?parent=22734"}],"wp:term":[{"taxonomy":"product_cat","embeddable":true,"href":"https:\/\/www.sopha-sahara.com\/en\/wp-json\/wp\/v2\/product_cat?post=22734"},{"taxonomy":"product_tag","embeddable":true,"href":"https:\/\/www.sopha-sahara.com\/en\/wp-json\/wp\/v2\/product_tag?post=22734"}],"curies":[{"name":"wp","href":"https:\/\/api.w.org\/{rel}","templated":true}]}}