{"id":22733,"date":"2020-12-14T13:00:54","date_gmt":"2020-12-14T12:00:54","guid":{"rendered":"https:\/\/www.interbusinesschamber.com\/produit\/avene-physiolift-jour-creme-lissante\/"},"modified":"2020-12-29T13:54:30","modified_gmt":"2020-12-29T12:54:30","slug":"avene-physiolift-jour-creme-lissante","status":"publish","type":"product","link":"https:\/\/www.sopha-sahara.com\/en\/product\/avene-physiolift-jour-creme-lissante\/","title":{"rendered":"AVENE PHYSIOLIFT JOUR CR\u00c8ME LISSANTE"},"content":{"rendered":"","protected":false},"excerpt":{"rendered":"<p>LISSE LES RIDES INSTALL\u00c9ES ET RETEND LA PEAU\u00a0: la peau est recharg\u00e9e* en collag\u00e8ne et en acide hyaluronique, gr\u00e2ce \u00e0 l&rsquo;AscofillineTM et aux Mono-Oligom\u00e8res d&rsquo;Acide Hyaluronique. &#8211;<\/p>\n<p>PROT\u00c8GE LA PEAU\u00a0des agressions radicalaires gr\u00e2ce au Pr\u00e9-tocoph\u00e9ryl, puissant anti-oxydant.<\/p>\n<p>SUBLIME LE TEINT\u00a0: enrichie en micro-nacres pour une correction anti-fatigue et anti-grise mine, et en agents soft-focus pour un effet flouteur de rides.<\/p>\n<p>APAISE\u00a0: riche en Eau thermale d&rsquo;Av\u00e8ne, apaisante et anti-irritante.<\/p>\n<p>*Tests in-vitro<\/p>","protected":false},"featured_media":22698,"template":"","meta":{"arc_restricted_post":false},"product_cat":[329,48],"product_tag":[],"_links":{"self":[{"href":"https:\/\/www.sopha-sahara.com\/en\/wp-json\/wp\/v2\/product\/22733"}],"collection":[{"href":"https:\/\/www.sopha-sahara.com\/en\/wp-json\/wp\/v2\/product"}],"about":[{"href":"https:\/\/www.sopha-sahara.com\/en\/wp-json\/wp\/v2\/types\/product"}],"wp:featuredmedia":[{"embeddable":true,"href":"https:\/\/www.sopha-sahara.com\/en\/wp-json\/wp\/v2\/media\/22698"}],"wp:attachment":[{"href":"https:\/\/www.sopha-sahara.com\/en\/wp-json\/wp\/v2\/media?parent=22733"}],"wp:term":[{"taxonomy":"product_cat","embeddable":true,"href":"https:\/\/www.sopha-sahara.com\/en\/wp-json\/wp\/v2\/product_cat?post=22733"},{"taxonomy":"product_tag","embeddable":true,"href":"https:\/\/www.sopha-sahara.com\/en\/wp-json\/wp\/v2\/product_tag?post=22733"}],"curies":[{"name":"wp","href":"https:\/\/api.w.org\/{rel}","templated":true}]}}