{"id":22732,"date":"2020-12-14T13:00:54","date_gmt":"2020-12-14T12:00:54","guid":{"rendered":"https:\/\/www.interbusinesschamber.com\/produit\/avene-xeracalm-a-d-creme-relipidante\/"},"modified":"2020-12-29T14:12:16","modified_gmt":"2020-12-29T13:12:16","slug":"avene-xeracalm-a-d-creme-relipidante","status":"publish","type":"product","link":"https:\/\/www.sopha-sahara.com\/en\/product\/avene-xeracalm-a-d-creme-relipidante\/","title":{"rendered":"AVENE XERACALM A.D CR\u00c8ME RELIPIDANTE"},"content":{"rendered":"","protected":false},"excerpt":{"rendered":"<p>Le Baume relipidant XeraCalm A.D s&rsquo;appuie sur une formule multi-comp\u00e9tente \u00e9labor\u00e9e autour d&rsquo;une innovation-actif :<\/p>\n<p>I-MODULIA\u00ae I-MODULIA\u00ae\u00a0: innovation biotechnologique d\u00e9velopp\u00e9e apr\u00e8s 12 ann\u00e9es de recherche par les Laboratoires Pierre Fabre. Diminue les sensations de d\u00e9mangeaisons dues au dess\u00e9chement cutan\u00e9 , apaise les rougeurs\/irritations dues \u00e0 l\u2019hyperr\u00e9activit\u00e9 de la peau, r\u00e9-apprend \u00e0 la peau \u00e0 se prot\u00e9ger.<\/p>\n<p>LES CER-OMEGA\u00a0: r\u00e9parent\/nourrissent la peau et renforcent le film hydrolipidique protecteur.<\/p>\n<p>L\u2019EAU THERMALE D\u2019AV\u00c8NE\u00a0: apaise, att\u00e9nue les sensations d&rsquo;inconfort et adoucit la peau. La peau est apais\u00e9e, nourrie et confortable. Elle ne \u00ab\u00a0d\u00e9mange plus\u00a0\u00bb.<\/p>\n<p>* Brevet d\u00e9pos\u00e9<\/p>","protected":false},"featured_media":22720,"template":"","meta":{"arc_restricted_post":false},"product_cat":[329,48],"product_tag":[],"_links":{"self":[{"href":"https:\/\/www.sopha-sahara.com\/en\/wp-json\/wp\/v2\/product\/22732"}],"collection":[{"href":"https:\/\/www.sopha-sahara.com\/en\/wp-json\/wp\/v2\/product"}],"about":[{"href":"https:\/\/www.sopha-sahara.com\/en\/wp-json\/wp\/v2\/types\/product"}],"wp:featuredmedia":[{"embeddable":true,"href":"https:\/\/www.sopha-sahara.com\/en\/wp-json\/wp\/v2\/media\/22720"}],"wp:attachment":[{"href":"https:\/\/www.sopha-sahara.com\/en\/wp-json\/wp\/v2\/media?parent=22732"}],"wp:term":[{"taxonomy":"product_cat","embeddable":true,"href":"https:\/\/www.sopha-sahara.com\/en\/wp-json\/wp\/v2\/product_cat?post=22732"},{"taxonomy":"product_tag","embeddable":true,"href":"https:\/\/www.sopha-sahara.com\/en\/wp-json\/wp\/v2\/product_tag?post=22732"}],"curies":[{"name":"wp","href":"https:\/\/api.w.org\/{rel}","templated":true}]}}