{"id":22730,"date":"2020-12-14T13:00:53","date_gmt":"2020-12-14T12:00:53","guid":{"rendered":"https:\/\/www.interbusinesschamber.com\/produit\/avene-solaire-creme-minerale-50-50ml\/"},"modified":"2020-12-29T14:00:51","modified_gmt":"2020-12-29T13:00:51","slug":"avene-solaire-creme-minerale-50-50ml","status":"publish","type":"product","link":"https:\/\/www.sopha-sahara.com\/en\/product\/avene-solaire-creme-minerale-50-50ml\/","title":{"rendered":"AVENE SOLAIRE CREME MINERALE 50+ 50ML"},"content":{"rendered":"<p><strong>Ses atouts<\/strong><\/p>\n<p>o\u00a0\u00a0\u00a0 R\u00e9pond \u00e0 toutes les exigences : efficacit\u00e9, qualit\u00e9 et fiabilit\u00e9.<br \/>o\u00a0\u00a0\u00a0 B\u00e9n\u00e9ficie d\u2019un complexe photoprotecteur alliant :<br \/>* Dioxyde de titane, photoprotecteur 100% min\u00e9ral<br \/>* Pr\u00e9-tocoph\u00e9ryl, pr\u00e9curseur photostable de la vitamine E, apporte une protection cellulaire compl\u00e9mentaire.<br \/>* Eau thermale Av\u00e8ne aux propri\u00e9t\u00e9s naturellement apaisantes et anti-irritantes.<br \/>o\u00a0\u00a0\u00a0 Offre une texture l\u00e9g\u00e8rement teint\u00e9e, riche et onctueuse.<br \/>o\u00a0\u00a0\u00a0 Haute tol\u00e9rance.<\/p>\n<p><strong>Est-elle faite pour moi ?<\/strong><\/p>\n<p>o\u00a0\u00a0\u00a0 Tr\u00e8s haute protection de la peau intol\u00e9rante ou fragilis\u00e9e du visage.<br \/>o\u00a0\u00a0\u00a0 Peaux claires.<br \/>o\u00a0\u00a0\u00a0 Peaux souvent sujettes aux coups de soleil.<br \/>o\u00a0\u00a0\u00a0 Peau intol\u00e9rantes aux filtres chimiques et aux parfums.<br \/>o\u00a0\u00a0\u00a0 Peaux fragilis\u00e9es, adultes et enfants.<\/p>\n<p><strong>Le bon geste\u00a0<\/strong><\/p>\n<p>o\u00a0\u00a0\u00a0 Avant toute exposition au soleil, appliquer uniform\u00e9ment sur la peau.<br \/>o\u00a0\u00a0\u00a0 Renouveler fr\u00e9quemment l\u2019application en cas d\u2019expositions prolong\u00e9es et apr\u00e8s chaque bain.<br \/>o\u00a0\u00a0\u00a0 L\u2019utilisation de ce produit ne doit pas inciter \u00e0 s\u2019exposer longtemps au soleil.<br \/>o\u00a0\u00a0\u00a0 \u00c9viter l\u2019exposition entre 12h et 16h.<br \/>o\u00a0\u00a0\u00a0 Les coups de soleil dont dangereux, surtout chez l\u2019enfant.<\/p>","protected":false},"excerpt":{"rendered":"<p>Tr\u00e8s haute protection des peaux intol\u00e9rantes ou fragilis\u00e9es.<br \/>Efficace contre UVB-UVA longs et courts.<br \/>Sans filtre chimique. Sans paraben. Sans parfum.<br \/>Certifi\u00e9 UVA conforme. TRES r\u00e9sistant \u00e0 l\u2019eau. Photostable.<\/p>","protected":false},"featured_media":22724,"template":"","meta":{"arc_restricted_post":false},"product_cat":[329,48],"product_tag":[],"_links":{"self":[{"href":"https:\/\/www.sopha-sahara.com\/en\/wp-json\/wp\/v2\/product\/22730"}],"collection":[{"href":"https:\/\/www.sopha-sahara.com\/en\/wp-json\/wp\/v2\/product"}],"about":[{"href":"https:\/\/www.sopha-sahara.com\/en\/wp-json\/wp\/v2\/types\/product"}],"wp:featuredmedia":[{"embeddable":true,"href":"https:\/\/www.sopha-sahara.com\/en\/wp-json\/wp\/v2\/media\/22724"}],"wp:attachment":[{"href":"https:\/\/www.sopha-sahara.com\/en\/wp-json\/wp\/v2\/media?parent=22730"}],"wp:term":[{"taxonomy":"product_cat","embeddable":true,"href":"https:\/\/www.sopha-sahara.com\/en\/wp-json\/wp\/v2\/product_cat?post=22730"},{"taxonomy":"product_tag","embeddable":true,"href":"https:\/\/www.sopha-sahara.com\/en\/wp-json\/wp\/v2\/product_tag?post=22730"}],"curies":[{"name":"wp","href":"https:\/\/api.w.org\/{rel}","templated":true}]}}