{"id":22631,"date":"2020-12-14T12:14:10","date_gmt":"2020-12-14T11:14:10","guid":{"rendered":"https:\/\/www.interbusinesschamber.com\/produit\/a-derma-exomega-gel-moussant-emollient-anti-grattage-200-ml\/"},"modified":"2020-12-29T17:02:10","modified_gmt":"2020-12-29T16:02:10","slug":"a-derma-exomega-gel-moussant-emollient-anti-grattage-200-ml","status":"publish","type":"product","link":"https:\/\/www.sopha-sahara.com\/en\/product\/a-derma-exomega-gel-moussant-emollient-anti-grattage-200-ml\/","title":{"rendered":"A-DERMA EXOMEGA GEL MOUSSANT \u00c9MOLLIENT ANTI-GRATTAGE 200 ML"},"content":{"rendered":"<h4 class=\"tabs-title\">Conseils d'utilisation<\/h4>\n<div class=\"std new-std\">\n<p>Sous la douche\u00a0appliquer sur peau humide, faire mousser en massant et rincer.<br \/>Pour visage et corps.<\/p>\n<\/div>","protected":false},"excerpt":{"rendered":"<p>Ce gel est un gel moussant \u00e9mollient id\u00e9al pour l&rsquo;hygi\u00e8ne quotidienne des peaux s\u00e8ches \u00e0 tendance atopique.<br \/>Ce gel convient \u00e0 toute la famille, m\u00eame au nourrisson, et nettoie en douceur le visage, le corps et les cheveux.<br \/>Calme les sensations de d\u00e9mangeaisons li\u00e9es \u00e0 la s\u00e9cheresse cutan\u00e9e et prot\u00e8ge de la s\u00e9cheresse cutan\u00e9e au quotidien.<br \/>Sans savon, ph physiologique, d\u00e9licatement parfum\u00e9, test\u00e9 sous contr\u00f4le dermatologique et p\u00e9diatrique.<\/p>","protected":false},"featured_media":22636,"template":"","meta":{"arc_restricted_post":false},"product_cat":[328,48],"product_tag":[],"_links":{"self":[{"href":"https:\/\/www.sopha-sahara.com\/en\/wp-json\/wp\/v2\/product\/22631"}],"collection":[{"href":"https:\/\/www.sopha-sahara.com\/en\/wp-json\/wp\/v2\/product"}],"about":[{"href":"https:\/\/www.sopha-sahara.com\/en\/wp-json\/wp\/v2\/types\/product"}],"wp:featuredmedia":[{"embeddable":true,"href":"https:\/\/www.sopha-sahara.com\/en\/wp-json\/wp\/v2\/media\/22636"}],"wp:attachment":[{"href":"https:\/\/www.sopha-sahara.com\/en\/wp-json\/wp\/v2\/media?parent=22631"}],"wp:term":[{"taxonomy":"product_cat","embeddable":true,"href":"https:\/\/www.sopha-sahara.com\/en\/wp-json\/wp\/v2\/product_cat?post=22631"},{"taxonomy":"product_tag","embeddable":true,"href":"https:\/\/www.sopha-sahara.com\/en\/wp-json\/wp\/v2\/product_tag?post=22631"}],"curies":[{"name":"wp","href":"https:\/\/api.w.org\/{rel}","templated":true}]}}