{"id":22630,"date":"2020-12-14T12:14:10","date_gmt":"2020-12-14T11:14:10","guid":{"rendered":"https:\/\/www.interbusinesschamber.com\/produit\/a-derma-exomega-baume-emollient-200ml\/"},"modified":"2020-12-29T17:00:01","modified_gmt":"2020-12-29T16:00:01","slug":"a-derma-exomega-baume-emollient-200ml","status":"publish","type":"product","link":"https:\/\/www.sopha-sahara.com\/en\/product\/a-derma-exomega-baume-emollient-200ml\/","title":{"rendered":"A-DERMA EXOMEGA BAUME EMOLLIENT 200ML"},"content":{"rendered":"","protected":false},"excerpt":{"rendered":"<address>Le seul soin \u00e9mollient STERILE \u00e0 actif v\u00e9g\u00e9tal naturel, qui ne contient que les ingr\u00e9dients essentiels pour calmer les peaux atopiques et tr\u00e8s s\u00e8ches,<\/address>\n<ul>\n<li>texture riche ultra-\u00e9molliente<\/li>\n<li>nourrisson, enfant, adulte<\/li>\n<\/ul>\n<p>Conseils d&rsquo;utilisation :1 \u00e0 2 applications par jour, Apr\u00e8s chaque utilisation, enlever l&rsquo;ex\u00e9dent de produit sur le bouchon et refermer, En cours d&rsquo;utilisation, le bouchon peut se colorer, ceci n&rsquo;alt\u00e8re pas la qualit\u00e9 du produit, Il est normal d&rsquo;appuyer un peu plus fort sur ce tube que sur un tube classique pour faire sortir le produit<\/p>","protected":false},"featured_media":22633,"template":"","meta":{"arc_restricted_post":false},"product_cat":[328,48],"product_tag":[],"_links":{"self":[{"href":"https:\/\/www.sopha-sahara.com\/en\/wp-json\/wp\/v2\/product\/22630"}],"collection":[{"href":"https:\/\/www.sopha-sahara.com\/en\/wp-json\/wp\/v2\/product"}],"about":[{"href":"https:\/\/www.sopha-sahara.com\/en\/wp-json\/wp\/v2\/types\/product"}],"wp:featuredmedia":[{"embeddable":true,"href":"https:\/\/www.sopha-sahara.com\/en\/wp-json\/wp\/v2\/media\/22633"}],"wp:attachment":[{"href":"https:\/\/www.sopha-sahara.com\/en\/wp-json\/wp\/v2\/media?parent=22630"}],"wp:term":[{"taxonomy":"product_cat","embeddable":true,"href":"https:\/\/www.sopha-sahara.com\/en\/wp-json\/wp\/v2\/product_cat?post=22630"},{"taxonomy":"product_tag","embeddable":true,"href":"https:\/\/www.sopha-sahara.com\/en\/wp-json\/wp\/v2\/product_tag?post=22630"}],"curies":[{"name":"wp","href":"https:\/\/api.w.org\/{rel}","templated":true}]}}