{"id":22629,"date":"2020-12-14T12:14:10","date_gmt":"2020-12-14T11:14:10","guid":{"rendered":"https:\/\/www.interbusinesschamber.com\/produit\/a-derma-phys-ac-gel-moussant-purifiant-200ml\/"},"modified":"2020-12-29T17:05:43","modified_gmt":"2020-12-29T16:05:43","slug":"a-derma-phys-ac-gel-moussant-purifiant-200ml","status":"publish","type":"product","link":"https:\/\/www.sopha-sahara.com\/en\/product\/a-derma-phys-ac-gel-moussant-purifiant-200ml\/","title":{"rendered":"A-DERMA PHYS-AC GEL MOUSSANT PURIFIANT 200ML"},"content":{"rendered":"","protected":false},"excerpt":{"rendered":"<p>Le Gel moussant purifiant Phys-AC nettoie en douceur et purifie les peaux \u00e0 tendance acn\u00e9ique sans les dess\u00e9cher. Texture ultra-fluide, \u00e0 la mousse l\u00e9g\u00e8re qui se rince rapidement. A utiliser pour une peau nette, fra\u00eeche, matifi\u00e9e, non d\u00e9ss\u00e9ch\u00e9e. La peau \u00e0 tendance acn\u00e9ique \u00e9tant d\u00e9j\u00e0 d\u00e9s\u00e9quilibr\u00e9e, ce produit ne contient pas de savon. D\u00e9licatement parfum\u00e9 (th\u00e9 blanc, mimosa). Les r\u00e9sultats cliniques montrent : Peau purifi\u00e9e 98%* ; Nettoie en douceur 100%*.<\/p>\n<p>* % de satisfaction imm\u00e9diatement apr\u00e8s application.<\/p>\n<p>Evaluation clinique sous contr\u00f4le dermatologique sur 42 sujets pr\u00e9sentant une peau \u00e0 tendance acn\u00e9ique faible \u00e0 mod\u00e9r\u00e9e non trait\u00e9e<\/p>","protected":false},"featured_media":22642,"template":"","meta":{"arc_restricted_post":false},"product_cat":[328,48],"product_tag":[],"_links":{"self":[{"href":"https:\/\/www.sopha-sahara.com\/en\/wp-json\/wp\/v2\/product\/22629"}],"collection":[{"href":"https:\/\/www.sopha-sahara.com\/en\/wp-json\/wp\/v2\/product"}],"about":[{"href":"https:\/\/www.sopha-sahara.com\/en\/wp-json\/wp\/v2\/types\/product"}],"wp:featuredmedia":[{"embeddable":true,"href":"https:\/\/www.sopha-sahara.com\/en\/wp-json\/wp\/v2\/media\/22642"}],"wp:attachment":[{"href":"https:\/\/www.sopha-sahara.com\/en\/wp-json\/wp\/v2\/media?parent=22629"}],"wp:term":[{"taxonomy":"product_cat","embeddable":true,"href":"https:\/\/www.sopha-sahara.com\/en\/wp-json\/wp\/v2\/product_cat?post=22629"},{"taxonomy":"product_tag","embeddable":true,"href":"https:\/\/www.sopha-sahara.com\/en\/wp-json\/wp\/v2\/product_tag?post=22629"}],"curies":[{"name":"wp","href":"https:\/\/api.w.org\/{rel}","templated":true}]}}