{"id":22628,"date":"2020-12-14T12:14:10","date_gmt":"2020-12-14T11:14:10","guid":{"rendered":"https:\/\/www.interbusinesschamber.com\/produit\/a-derma-phys-ac-perfect-fluide-anti-imperfections-anti-marques-40ml\/"},"modified":"2020-12-29T17:07:04","modified_gmt":"2020-12-29T16:07:04","slug":"a-derma-phys-ac-perfect-fluide-anti-imperfections-anti-marques-40ml","status":"publish","type":"product","link":"https:\/\/www.sopha-sahara.com\/en\/product\/a-derma-phys-ac-perfect-fluide-anti-imperfections-anti-marques-40ml\/","title":{"rendered":"A-DERMA PHYS-AC PERFECT FLUIDE ANTI IMPERFECTIONS ANTI MARQUES 40ML"},"content":{"rendered":"","protected":false},"excerpt":{"rendered":"<p>Phys-AC PERFECT est un soin complet triple action :<\/p>\n<p>ses actifs anti-imperfections vont cibler les boutons,<br \/>ses agents hydrocompensateurs apportent du confort et restaurent l&rsquo;\u00e9quilibre de la peau tout en douceur<br \/>son actif anti-marques brevet\u00e9 va agir sur toutes les marques et garantir une peau nette et lisse.<br \/>Il r\u00e9duit l&rsquo;exc\u00e8s de s\u00e9bum et limite l&rsquo;adh\u00e9sion des bact\u00e9ries. De plus, il apaise et diminue les rougeurs li\u00e9es \u00e0 l&rsquo;irritation, exfolie et d\u00e9sincruste les pores. Enfin, il est anti-marques.<\/p>\n<p>Sa gal\u00e9nique active pour un ratio efficacit\u00e9 \/ tol\u00e9rance optimal lib\u00e8re progressivement les actifs en douceur. Une texture ultra-fluide pour une application et p\u00e9n\u00e9tration rapide, id\u00e9ale comme base de maquillage. Une application par jour, matin ou soir, selon votre routine de soin.<\/p>","protected":false},"featured_media":22645,"template":"","meta":{"arc_restricted_post":false},"product_cat":[328,48],"product_tag":[],"_links":{"self":[{"href":"https:\/\/www.sopha-sahara.com\/en\/wp-json\/wp\/v2\/product\/22628"}],"collection":[{"href":"https:\/\/www.sopha-sahara.com\/en\/wp-json\/wp\/v2\/product"}],"about":[{"href":"https:\/\/www.sopha-sahara.com\/en\/wp-json\/wp\/v2\/types\/product"}],"wp:featuredmedia":[{"embeddable":true,"href":"https:\/\/www.sopha-sahara.com\/en\/wp-json\/wp\/v2\/media\/22645"}],"wp:attachment":[{"href":"https:\/\/www.sopha-sahara.com\/en\/wp-json\/wp\/v2\/media?parent=22628"}],"wp:term":[{"taxonomy":"product_cat","embeddable":true,"href":"https:\/\/www.sopha-sahara.com\/en\/wp-json\/wp\/v2\/product_cat?post=22628"},{"taxonomy":"product_tag","embeddable":true,"href":"https:\/\/www.sopha-sahara.com\/en\/wp-json\/wp\/v2\/product_tag?post=22628"}],"curies":[{"name":"wp","href":"https:\/\/api.w.org\/{rel}","templated":true}]}}