{"id":22627,"date":"2020-12-14T12:14:10","date_gmt":"2020-12-14T11:14:10","guid":{"rendered":"https:\/\/www.interbusinesschamber.com\/produit\/a-derma-phys-ac-hydra-creme-compensatrice-40ml\/"},"modified":"2020-12-29T17:06:48","modified_gmt":"2020-12-29T16:06:48","slug":"a-derma-phys-ac-hydra-creme-compensatrice-40ml","status":"publish","type":"product","link":"https:\/\/www.sopha-sahara.com\/en\/product\/a-derma-phys-ac-hydra-creme-compensatrice-40ml\/","title":{"rendered":"A-DERMA PHYS-AC HYDRA CR\u00c8ME COMPENSATRICE 40ML"},"content":{"rendered":"","protected":false},"excerpt":{"rendered":"<p>Phys-AC Hydra hydrate, apaise et compense les effets des traitements dess\u00e9chants. Sp\u00e9cialement formul\u00e9e pour les peaux fragilis\u00e9es par les traitements irritants et dess\u00e9chants. Hydrate imm\u00e9diatement &amp; durablement gr\u00e2ce \u00e0 une lib\u00e9ration progressive des actifs. Limite la desquamation excessive et les sensations de tiraillements.* Riche en agents hydratants compensateurs qui apportent confort et restaurent l&rsquo;\u00e9quilibre de la peau. D\u00e9licatement parfum\u00e9e. Permet le maquillage.<\/p>\n<p>R\u00e9sultats cliniques : Sensation d&rsquo;apaisement imm\u00e9diat de la peau 90%* ; Diminution significative de la desquamation d\u00e8s 4 jours*.<\/p>","protected":false},"featured_media":22644,"template":"","meta":{"arc_restricted_post":false},"product_cat":[328,48],"product_tag":[],"_links":{"self":[{"href":"https:\/\/www.sopha-sahara.com\/en\/wp-json\/wp\/v2\/product\/22627"}],"collection":[{"href":"https:\/\/www.sopha-sahara.com\/en\/wp-json\/wp\/v2\/product"}],"about":[{"href":"https:\/\/www.sopha-sahara.com\/en\/wp-json\/wp\/v2\/types\/product"}],"wp:featuredmedia":[{"embeddable":true,"href":"https:\/\/www.sopha-sahara.com\/en\/wp-json\/wp\/v2\/media\/22644"}],"wp:attachment":[{"href":"https:\/\/www.sopha-sahara.com\/en\/wp-json\/wp\/v2\/media?parent=22627"}],"wp:term":[{"taxonomy":"product_cat","embeddable":true,"href":"https:\/\/www.sopha-sahara.com\/en\/wp-json\/wp\/v2\/product_cat?post=22627"},{"taxonomy":"product_tag","embeddable":true,"href":"https:\/\/www.sopha-sahara.com\/en\/wp-json\/wp\/v2\/product_tag?post=22627"}],"curies":[{"name":"wp","href":"https:\/\/api.w.org\/{rel}","templated":true}]}}