{"id":22626,"date":"2020-12-14T12:14:10","date_gmt":"2020-12-14T11:14:10","guid":{"rendered":"https:\/\/www.interbusinesschamber.com\/produit\/a-derma-phys-ac-global-soin-anti-imperfections-40-ml\/"},"modified":"2020-12-29T17:06:03","modified_gmt":"2020-12-29T16:06:03","slug":"a-derma-phys-ac-global-soin-anti-imperfections-40-ml","status":"publish","type":"product","link":"https:\/\/www.sopha-sahara.com\/en\/product\/a-derma-phys-ac-global-soin-anti-imperfections-40-ml\/","title":{"rendered":"A-DERMA PHYS-AC GLOBAL SOIN ANTI-IMPERFECTIONS 40 ML"},"content":{"rendered":"","protected":false},"excerpt":{"rendered":"<p>Phys-AC Global est un soin complet au double b\u00e9n\u00e9fice : la peau n\u2019est pas agress\u00e9e par une haute dose d\u2019actifs lib\u00e9r\u00e9s en une fois et elle b\u00e9n\u00e9ficie d\u2019une hydratation et d\u2019un confort longue dur\u00e9e. La tol\u00e9rance est optimis\u00e9e. D\u00e9licatement parfum\u00e9. Ce soin r\u00e9duit l&rsquo;exc\u00e8s de s\u00e9bum, limite l&rsquo;adh\u00e9sion des bact\u00e9ries (P.Acnes)*, apaise et diminue les rougeurs li\u00e9es \u00e0 l&rsquo;irritation, exfolie et d\u00e9sincruste les pores. En plus, des agents hydratants compensateurs apportent confort et restaurent l&rsquo;\u00e9quilibre de la peau.<\/p>\n<p>Les r\u00e9sultats cliniques montrent : R\u00e9duction du s\u00e9bum -36%* ; Diminution des points noirs -61%** ; Diminution des boutons irrit\u00e9s -31%**.<\/p>\n<p>* Evaluation clinique sous contr\u00f4le dermatologique sur 46 sujets acn\u00e9iques apr\u00e8s 6 semaines d\u2019utilisation.<\/p>\n<p>** Evaluation clinique sous contr\u00f4le dermatologique sur 32 sujets acn\u00e9iques apr\u00e8s 6 semaines d\u2019utilisation.<\/p>","protected":false},"featured_media":22643,"template":"","meta":{"arc_restricted_post":false},"product_cat":[328,48],"product_tag":[],"_links":{"self":[{"href":"https:\/\/www.sopha-sahara.com\/en\/wp-json\/wp\/v2\/product\/22626"}],"collection":[{"href":"https:\/\/www.sopha-sahara.com\/en\/wp-json\/wp\/v2\/product"}],"about":[{"href":"https:\/\/www.sopha-sahara.com\/en\/wp-json\/wp\/v2\/types\/product"}],"wp:featuredmedia":[{"embeddable":true,"href":"https:\/\/www.sopha-sahara.com\/en\/wp-json\/wp\/v2\/media\/22643"}],"wp:attachment":[{"href":"https:\/\/www.sopha-sahara.com\/en\/wp-json\/wp\/v2\/media?parent=22626"}],"wp:term":[{"taxonomy":"product_cat","embeddable":true,"href":"https:\/\/www.sopha-sahara.com\/en\/wp-json\/wp\/v2\/product_cat?post=22626"},{"taxonomy":"product_tag","embeddable":true,"href":"https:\/\/www.sopha-sahara.com\/en\/wp-json\/wp\/v2\/product_tag?post=22626"}],"curies":[{"name":"wp","href":"https:\/\/api.w.org\/{rel}","templated":true}]}}