{"id":22625,"date":"2020-12-14T12:14:10","date_gmt":"2020-12-14T11:14:10","guid":{"rendered":"https:\/\/www.interbusinesschamber.com\/produit\/a-derma-dermalibour-barrier-creme-protectrice-50ml\/"},"modified":"2020-12-29T16:57:31","modified_gmt":"2020-12-29T15:57:31","slug":"a-derma-dermalibour-barrier-creme-protectrice-50ml","status":"publish","type":"product","link":"https:\/\/www.sopha-sahara.com\/en\/product\/a-derma-dermalibour-barrier-creme-protectrice-50ml\/","title":{"rendered":"A-DERMA DERMALIBOUR+ BARRIER CREME PROTECTRICE 50ML"},"content":{"rendered":"","protected":false},"excerpt":{"rendered":"<p>La Cr\u00e8me protectrice DERMALIBOUR+ BARRIER contribue \u00e0 prot\u00e9ger durablement les peaux irrit\u00e9es agress\u00e9es que ce soit en usage domestique (baignade, frottements, froid, usage de produits m\u00e9nagers, m\u00e9taux irritants) comme en usage professionnel (coiffeur, m\u00e9canicien, ma\u00e7on, jardinier, porteurs de gant,\u2026).<\/p>\n<p>Gr\u00e2ce \u00e0 sa triple action, elle :<br \/>1. Isole et prot\u00e8ge des agressions ext\u00e9rieures gr\u00e2ce \u00e0 son complexe d&rsquo;actifs exclusif : le second skin system (\u00ab\u00a0seconde peau\u00a0\u00bb)<br \/>2. Apaise la peau fragilis\u00e9e avec l&rsquo;Extrait de Plantules d&rsquo;Avoine Rhealba\u00ae<br \/>3. Limite le risque de prolif\u00e9ration bact\u00e9rienne gr\u00e2ce \u00e0 son actif assainissant<\/p>\n<p>Sa texture \u00e0 effet \u00ab\u00a0seconde peau\u00a0\u00bb laisse un film protecteur et doux. La peau apais\u00e9e retrouve confort et souplesse.<\/p>\n<p>Pour toute la famille : du nourrisson au s\u00e9nior<br \/>A mettre partout (visage, mains, corps et zones intimes externes pour tout type d&rsquo;irritations)<\/p>","protected":false},"featured_media":22656,"template":"","meta":{"arc_restricted_post":false},"product_cat":[328,48],"product_tag":[],"_links":{"self":[{"href":"https:\/\/www.sopha-sahara.com\/en\/wp-json\/wp\/v2\/product\/22625"}],"collection":[{"href":"https:\/\/www.sopha-sahara.com\/en\/wp-json\/wp\/v2\/product"}],"about":[{"href":"https:\/\/www.sopha-sahara.com\/en\/wp-json\/wp\/v2\/types\/product"}],"wp:featuredmedia":[{"embeddable":true,"href":"https:\/\/www.sopha-sahara.com\/en\/wp-json\/wp\/v2\/media\/22656"}],"wp:attachment":[{"href":"https:\/\/www.sopha-sahara.com\/en\/wp-json\/wp\/v2\/media?parent=22625"}],"wp:term":[{"taxonomy":"product_cat","embeddable":true,"href":"https:\/\/www.sopha-sahara.com\/en\/wp-json\/wp\/v2\/product_cat?post=22625"},{"taxonomy":"product_tag","embeddable":true,"href":"https:\/\/www.sopha-sahara.com\/en\/wp-json\/wp\/v2\/product_tag?post=22625"}],"curies":[{"name":"wp","href":"https:\/\/api.w.org\/{rel}","templated":true}]}}