{"id":22623,"date":"2020-12-14T12:14:09","date_gmt":"2020-12-14T11:14:09","guid":{"rendered":"https:\/\/www.interbusinesschamber.com\/produit\/a-derma-protect-kids-spf-50-spray-enfant-tres-haut-protection-200ml\/"},"modified":"2020-12-29T17:09:14","modified_gmt":"2020-12-29T16:09:14","slug":"a-derma-protect-kids-spf-50-spray-enfant-tres-haut-protection-200ml","status":"publish","type":"product","link":"https:\/\/www.sopha-sahara.com\/en\/product\/a-derma-protect-kids-spf-50-spray-enfant-tres-haut-protection-200ml\/","title":{"rendered":"A-DERMA PROTECT KIDS SPF 50+ SPRAY ENFANT TR\u00c8S HAUT PROTECTION 200ML"},"content":{"rendered":"","protected":false},"excerpt":{"rendered":"<p>Le Spray enfants tr\u00e8s haute protection SPF 50+ prot\u00e8ge des effets n\u00e9fastes des UV, renforce la barri\u00e8re cutan\u00e9e d\u00e9s\u00e9quilibr\u00e9e et s\u00e9curise les d\u00e9fenses cellulaires face aux UVA**. Car pour les peaux fragiles, il faut aller au-del\u00e0 des filtres solaires.<\/p>\n<p>Innovation solaire brevet\u00e9e*, fruit de 7 ans de recherche : le Barriestolide\u00ae issu de l&rsquo;Huile de Plantules d&rsquo;Avoine Rhealba\u00ae pour renforcer la barri\u00e8re cutan\u00e9e des peaux fragiles et abaisser leur niveau de vuln\u00e9rabilit\u00e9 face \u00e0 l&rsquo;agression des UV**. Associ\u00e9 \u00e0 un syst\u00e8me filtrant brevet\u00e9, avec seulement 4 filtres*, il prot\u00e8ge la peau fragile de l&rsquo;enfant des UV.<\/p>","protected":false},"featured_media":22649,"template":"","meta":{"arc_restricted_post":false},"product_cat":[328,48],"product_tag":[],"_links":{"self":[{"href":"https:\/\/www.sopha-sahara.com\/en\/wp-json\/wp\/v2\/product\/22623"}],"collection":[{"href":"https:\/\/www.sopha-sahara.com\/en\/wp-json\/wp\/v2\/product"}],"about":[{"href":"https:\/\/www.sopha-sahara.com\/en\/wp-json\/wp\/v2\/types\/product"}],"wp:featuredmedia":[{"embeddable":true,"href":"https:\/\/www.sopha-sahara.com\/en\/wp-json\/wp\/v2\/media\/22649"}],"wp:attachment":[{"href":"https:\/\/www.sopha-sahara.com\/en\/wp-json\/wp\/v2\/media?parent=22623"}],"wp:term":[{"taxonomy":"product_cat","embeddable":true,"href":"https:\/\/www.sopha-sahara.com\/en\/wp-json\/wp\/v2\/product_cat?post=22623"},{"taxonomy":"product_tag","embeddable":true,"href":"https:\/\/www.sopha-sahara.com\/en\/wp-json\/wp\/v2\/product_tag?post=22623"}],"curies":[{"name":"wp","href":"https:\/\/api.w.org\/{rel}","templated":true}]}}