{"id":22622,"date":"2020-12-14T12:14:09","date_gmt":"2020-12-14T11:14:09","guid":{"rendered":"https:\/\/www.interbusinesschamber.com\/produit\/a-derma-protect-ac-spf50-fluide-matifiant-tres-haute-protection-40ml\/"},"modified":"2020-12-29T17:07:32","modified_gmt":"2020-12-29T16:07:32","slug":"a-derma-protect-ac-spf50-fluide-matifiant-tres-haute-protection-40ml","status":"publish","type":"product","link":"https:\/\/www.sopha-sahara.com\/en\/product\/a-derma-protect-ac-spf50-fluide-matifiant-tres-haute-protection-40ml\/","title":{"rendered":"A-DERMA PROTECT AC SPF50+ FLUIDE MATIFIANT TR\u00c8S HAUTE PROTECTION 40ML"},"content":{"rendered":"","protected":false},"excerpt":{"rendered":"<p>Le Fluide matifiant tr\u00e8s haute protection SPF+50 Protect AC a \u00e9t\u00e9 sp\u00e9cifiquement d\u00e9velopp\u00e9 et test\u00e9 pour les peaux \u00e0 tendance acn\u00e9ique. En plus de prot\u00e9ger des effets n\u00e9fastes des UV, il renforce la barri\u00e8re cutan\u00e9e d\u00e9s\u00e9quilibr\u00e9e, s\u00e9curise les d\u00e9fenses cellulaires face aux UVA**. Il contient de l\u2019acide glutamique pour agir sur l\u2019exc\u00e8s de s\u00e9bum dans une texture \u00ab toucher sec \u00bb, riche en poudres matifiantes pour un fini mat et non-gras. Car pour les peaux grasses \u00e0 tendance acn\u00e9ique, il faut aller au-del\u00e0 des filtres solaires tout en apportant une r\u00e9ponse cibl\u00e9e.<\/p>\n<p>INNOVATION SOLAIRE BREVETEE*, fruit de 7 ans de recherche : le Barriestolide\u00ae issu de l&rsquo;Huile de Plantules d&rsquo;Avoine Rhealba\u00ae pour renforcer la barri\u00e8re cutan\u00e9e des peaux fragiles**. Associ\u00e9 \u00e0 un syst\u00e8me filtrant brevet\u00e9*, avec seulement 4 filtres, il prot\u00e8ge les peaux fragiles des UV. R\u00e9sistant \u00e0 l&rsquo;eau.<\/p>\n<p>D\u00e9licatement parfum\u00e9 au th\u00e9 vert, jasmin et p\u00eache.<\/p>","protected":false},"featured_media":22646,"template":"","meta":{"arc_restricted_post":false},"product_cat":[328,48],"product_tag":[],"_links":{"self":[{"href":"https:\/\/www.sopha-sahara.com\/en\/wp-json\/wp\/v2\/product\/22622"}],"collection":[{"href":"https:\/\/www.sopha-sahara.com\/en\/wp-json\/wp\/v2\/product"}],"about":[{"href":"https:\/\/www.sopha-sahara.com\/en\/wp-json\/wp\/v2\/types\/product"}],"wp:featuredmedia":[{"embeddable":true,"href":"https:\/\/www.sopha-sahara.com\/en\/wp-json\/wp\/v2\/media\/22646"}],"wp:attachment":[{"href":"https:\/\/www.sopha-sahara.com\/en\/wp-json\/wp\/v2\/media?parent=22622"}],"wp:term":[{"taxonomy":"product_cat","embeddable":true,"href":"https:\/\/www.sopha-sahara.com\/en\/wp-json\/wp\/v2\/product_cat?post=22622"},{"taxonomy":"product_tag","embeddable":true,"href":"https:\/\/www.sopha-sahara.com\/en\/wp-json\/wp\/v2\/product_tag?post=22622"}],"curies":[{"name":"wp","href":"https:\/\/api.w.org\/{rel}","templated":true}]}}