{"id":22621,"date":"2020-12-14T12:14:09","date_gmt":"2020-12-14T11:14:09","guid":{"rendered":"https:\/\/www.interbusinesschamber.com\/produit\/a-derma-exomega-control-gel-moussant-emollient-visage-corps-500ml\/"},"modified":"2020-12-29T17:03:59","modified_gmt":"2020-12-29T16:03:59","slug":"a-derma-exomega-control-gel-moussant-emollient-visage-corps-500ml","status":"publish","type":"product","link":"https:\/\/www.sopha-sahara.com\/en\/product\/a-derma-exomega-control-gel-moussant-emollient-visage-corps-500ml\/","title":{"rendered":"A-DERMA EXOMEGA CONTROL GEL MOUSSANT \u00c9MOLLIENT VISAGE CORPS 500ML"},"content":{"rendered":"","protected":false},"excerpt":{"rendered":"<p>Exomega Control Gel moussant \u00e9mollient nettoie en douceur, apaise et prot\u00e8ge les peaux \u00e0 tendance atopique. Calme les sensations de d\u00e9mangeaisons li\u00e9es \u00e0 la s\u00e9cheresse cutan\u00e9e et prot\u00e8ge de la s\u00e9cheresse cutan\u00e9e au quotidien.<\/p>\n<p>Sans savon, sans parfum<\/p>\n<p>Visage, corps<\/p>\n<p>Nourrisson, enfant, adulte<\/p>\n<p>Peaux \u00e0 tendance atopique<\/p>","protected":false},"featured_media":22634,"template":"","meta":{"arc_restricted_post":false},"product_cat":[328,48],"product_tag":[],"_links":{"self":[{"href":"https:\/\/www.sopha-sahara.com\/en\/wp-json\/wp\/v2\/product\/22621"}],"collection":[{"href":"https:\/\/www.sopha-sahara.com\/en\/wp-json\/wp\/v2\/product"}],"about":[{"href":"https:\/\/www.sopha-sahara.com\/en\/wp-json\/wp\/v2\/types\/product"}],"wp:featuredmedia":[{"embeddable":true,"href":"https:\/\/www.sopha-sahara.com\/en\/wp-json\/wp\/v2\/media\/22634"}],"wp:attachment":[{"href":"https:\/\/www.sopha-sahara.com\/en\/wp-json\/wp\/v2\/media?parent=22621"}],"wp:term":[{"taxonomy":"product_cat","embeddable":true,"href":"https:\/\/www.sopha-sahara.com\/en\/wp-json\/wp\/v2\/product_cat?post=22621"},{"taxonomy":"product_tag","embeddable":true,"href":"https:\/\/www.sopha-sahara.com\/en\/wp-json\/wp\/v2\/product_tag?post=22621"}],"curies":[{"name":"wp","href":"https:\/\/api.w.org\/{rel}","templated":true}]}}