{"id":22620,"date":"2020-12-14T12:14:09","date_gmt":"2020-12-14T11:14:09","guid":{"rendered":"https:\/\/www.interbusinesschamber.com\/produit\/a-derma-epitheliale-a-h-duo-creme-ultra-reparatrice-40ml\/"},"modified":"2020-12-29T16:59:37","modified_gmt":"2020-12-29T15:59:37","slug":"a-derma-epitheliale-a-h-duo-creme-ultra-reparatrice-40ml","status":"publish","type":"product","link":"https:\/\/www.sopha-sahara.com\/en\/product\/a-derma-epitheliale-a-h-duo-creme-ultra-reparatrice-40ml\/","title":{"rendered":"A-DERMA EPITHELIALE A.H DUO CR\u00c8ME ULTRA R\u00c9PARATRICE 40ML"},"content":{"rendered":"","protected":false},"excerpt":{"rendered":"<p>La Cr\u00e8me ultra-r\u00e9paratrice Epitheliale AH DUO apaise et favorise la r\u00e9paration \u00e9pidermique des peaux fragilis\u00e9es. Pour une r\u00e9paration* cutan\u00e9e esth\u00e9tique avec une efficacit\u00e9 anti-marques, per\u00e7ue en 15 jours par 94%* des utilisateurs.<\/p>\n<p>* Pourcentage de satisfaction portant sur la mention anti-marques apr\u00e8s 15 jours d\u2019utilisation \u2013 \u00e9tude mono centrique men\u00e9e sur 26 adultes et 25 enfants sur les indications pouvant laisser des marques).<\/p>\n<p>Texture ultra-glissante g\u00e9lifi\u00e9e, un fini invisible et non gras.<\/p>\n<p>LAUREATE DU PRIX SANTE MAGAZINE 2016.<\/p>\n<p>Visage, corps<\/p>\n<p>Enfant &gt; 2 ans, adulte<\/p>\n<p>Peaux fragilis\u00e9es<\/p>","protected":false},"featured_media":22632,"template":"","meta":{"arc_restricted_post":false},"product_cat":[328,48],"product_tag":[],"_links":{"self":[{"href":"https:\/\/www.sopha-sahara.com\/en\/wp-json\/wp\/v2\/product\/22620"}],"collection":[{"href":"https:\/\/www.sopha-sahara.com\/en\/wp-json\/wp\/v2\/product"}],"about":[{"href":"https:\/\/www.sopha-sahara.com\/en\/wp-json\/wp\/v2\/types\/product"}],"wp:featuredmedia":[{"embeddable":true,"href":"https:\/\/www.sopha-sahara.com\/en\/wp-json\/wp\/v2\/media\/22632"}],"wp:attachment":[{"href":"https:\/\/www.sopha-sahara.com\/en\/wp-json\/wp\/v2\/media?parent=22620"}],"wp:term":[{"taxonomy":"product_cat","embeddable":true,"href":"https:\/\/www.sopha-sahara.com\/en\/wp-json\/wp\/v2\/product_cat?post=22620"},{"taxonomy":"product_tag","embeddable":true,"href":"https:\/\/www.sopha-sahara.com\/en\/wp-json\/wp\/v2\/product_tag?post=22620"}],"curies":[{"name":"wp","href":"https:\/\/api.w.org\/{rel}","templated":true}]}}