{"id":22619,"date":"2020-12-14T12:14:09","date_gmt":"2020-12-14T11:14:09","guid":{"rendered":"https:\/\/www.interbusinesschamber.com\/produit\/a-derma-lait-cosmetique-sterile-exomega-control-200ml\/"},"modified":"2020-12-29T17:04:29","modified_gmt":"2020-12-29T16:04:29","slug":"a-derma-lait-cosmetique-sterile-exomega-control-200ml","status":"publish","type":"product","link":"https:\/\/www.sopha-sahara.com\/en\/product\/a-derma-lait-cosmetique-sterile-exomega-control-200ml\/","title":{"rendered":"A-DERMA LAIT COSM\u00c9TIQUE ST\u00c9RILE EXOMEGA CONTROL 200ML"},"content":{"rendered":"","protected":false},"excerpt":{"rendered":"<p>Le Lait \u00e9mollient cosm\u00e9tique st\u00e9rile EXOMEGA CONTROL apaise toutes les peaux s\u00e8ches \u00e0 tendance atopique d\u00e8s la naissance.<\/p>\n<p>Une seule application par jour suffit d\u00e9sormais pour espacer les pics d&rsquo;irritation et les sensations de d\u00e9mangeaisons*. Une r\u00e9ponse tr\u00e8s haute s\u00e9curit\u00e9 gr\u00e2ce \u00e0 sa formule naturelle et st\u00e9rile : garantie sans conservateur et sans parfum. Facile \u00e0 \u00e9taler gr\u00e2ce \u00e0 sa texture fluide et l\u00e9g\u00e8re !<\/p>","protected":false},"featured_media":22639,"template":"","meta":{"arc_restricted_post":false},"product_cat":[328,48],"product_tag":[],"_links":{"self":[{"href":"https:\/\/www.sopha-sahara.com\/en\/wp-json\/wp\/v2\/product\/22619"}],"collection":[{"href":"https:\/\/www.sopha-sahara.com\/en\/wp-json\/wp\/v2\/product"}],"about":[{"href":"https:\/\/www.sopha-sahara.com\/en\/wp-json\/wp\/v2\/types\/product"}],"wp:featuredmedia":[{"embeddable":true,"href":"https:\/\/www.sopha-sahara.com\/en\/wp-json\/wp\/v2\/media\/22639"}],"wp:attachment":[{"href":"https:\/\/www.sopha-sahara.com\/en\/wp-json\/wp\/v2\/media?parent=22619"}],"wp:term":[{"taxonomy":"product_cat","embeddable":true,"href":"https:\/\/www.sopha-sahara.com\/en\/wp-json\/wp\/v2\/product_cat?post=22619"},{"taxonomy":"product_tag","embeddable":true,"href":"https:\/\/www.sopha-sahara.com\/en\/wp-json\/wp\/v2\/product_tag?post=22619"}],"curies":[{"name":"wp","href":"https:\/\/api.w.org\/{rel}","templated":true}]}}