{"id":22618,"date":"2020-12-14T12:14:09","date_gmt":"2020-12-14T11:14:09","guid":{"rendered":"https:\/\/www.interbusinesschamber.com\/produit\/a-derma-creme-cosmetique-sterile-exomega-control-200ml\/"},"modified":"2020-12-29T16:55:59","modified_gmt":"2020-12-29T15:55:59","slug":"a-derma-creme-cosmetique-sterile-exomega-control-200ml","status":"publish","type":"product","link":"https:\/\/www.sopha-sahara.com\/en\/product\/a-derma-creme-cosmetique-sterile-exomega-control-200ml\/","title":{"rendered":"A-DERMA CR\u00c8ME COSM\u00c9TIQUE ST\u00c9RILE EXOMEGA CONTROL 200ML"},"content":{"rendered":"","protected":false},"excerpt":{"rendered":"<p>La Cr\u00e8me \u00e9molliente cosm\u00e9tique st\u00e9rile EXOMEGA CONTROL apaise toutes les peaux s\u00e8ches \u00e0 tendance atopique d\u00e8s la naissance.<\/p>\n<p>Une seule application par jour suffit d\u00e9sormais pour espacer les pics d&rsquo;irritation et apaiser les sensations de d\u00e9mangeaisons*. Une r\u00e9ponse tr\u00e8s haute s\u00e9curit\u00e9 gr\u00e2ce \u00e0 sa formule naturelle et st\u00e9rile : garantie sans conservateur et sans parfum. Une texture riche, vite absorb\u00e9e !<\/p>","protected":false},"featured_media":22655,"template":"","meta":{"arc_restricted_post":false},"product_cat":[328,48],"product_tag":[],"_links":{"self":[{"href":"https:\/\/www.sopha-sahara.com\/en\/wp-json\/wp\/v2\/product\/22618"}],"collection":[{"href":"https:\/\/www.sopha-sahara.com\/en\/wp-json\/wp\/v2\/product"}],"about":[{"href":"https:\/\/www.sopha-sahara.com\/en\/wp-json\/wp\/v2\/types\/product"}],"wp:featuredmedia":[{"embeddable":true,"href":"https:\/\/www.sopha-sahara.com\/en\/wp-json\/wp\/v2\/media\/22655"}],"wp:attachment":[{"href":"https:\/\/www.sopha-sahara.com\/en\/wp-json\/wp\/v2\/media?parent=22618"}],"wp:term":[{"taxonomy":"product_cat","embeddable":true,"href":"https:\/\/www.sopha-sahara.com\/en\/wp-json\/wp\/v2\/product_cat?post=22618"},{"taxonomy":"product_tag","embeddable":true,"href":"https:\/\/www.sopha-sahara.com\/en\/wp-json\/wp\/v2\/product_tag?post=22618"}],"curies":[{"name":"wp","href":"https:\/\/api.w.org\/{rel}","templated":true}]}}