{"id":22617,"date":"2020-12-14T12:14:09","date_gmt":"2020-12-14T11:14:09","guid":{"rendered":"https:\/\/www.interbusinesschamber.com\/produit\/a-derma-exomega-huile-lavante-emolliente-anti-grattage-500-ml\/"},"modified":"2020-12-29T17:03:18","modified_gmt":"2020-12-29T16:03:18","slug":"a-derma-exomega-huile-lavante-emolliente-anti-grattage-500-ml","status":"publish","type":"product","link":"https:\/\/www.sopha-sahara.com\/en\/product\/a-derma-exomega-huile-lavante-emolliente-anti-grattage-500-ml\/","title":{"rendered":"A-DERMA EXOMEGA HUILE LAVANTE \u00c9MOLLIENTE ANTI-GRATTAGE 500 ML"},"content":{"rendered":"<div class=\"titre_zone_desc bloc_depliable_zone_click\">\n<div><strong>CONSEIL D'UTILISATION<\/strong><\/div>\n<\/div>\n<div class=\"content_zone_desc bloc_depliable_cnt cnt_deplie tabcontent\">\n<div>\n<div id=\"type_info_prio_6_1\">\n<p>Dans la douche ou le bain, appliquer sur peau humide, faire mousser et rincer.<\/p>\n<\/div>\n<div class=\"description_indication\"><span class=\"bold\">Indication<\/span>\u00a0:\u00a0<span id=\"type_info_prio_6_2_1\">Hygi\u00e8ne quotidienne des peaux s\u00e8ches \u00e0 tendance atopique<\/span><\/div>\n<\/div>\n<\/div>","protected":false},"excerpt":{"rendered":"<p>Aderma Exomega Control Huile Lavante \u00c9molliente Anti-Grattage 500 ml est une huile lavante \u00e9molliente id\u00e9ale pour l&rsquo;hygi\u00e8ne quotidienne des peaux s\u00e8ches \u00e0 tendance atopique.<\/p>\n<p>Cette huile convient \u00e0 toute la famille, m\u00eame au nourrisson, et nettoie en douceur le visage, le corps et les cheveux. Anti-grattage, sa formule nourrit et apaise la peau.<\/p>\n<p>Sans savon, ph physiologique, d\u00e9licatement parfum\u00e9e, test\u00e9e sous contr\u00f4le dermatologique et p\u00e9diatrique. 91% des ingr\u00e9dients sont d&rsquo;origine naturelle.<\/p>","protected":false},"featured_media":22638,"template":"","meta":{"arc_restricted_post":false},"product_cat":[328,48],"product_tag":[],"_links":{"self":[{"href":"https:\/\/www.sopha-sahara.com\/en\/wp-json\/wp\/v2\/product\/22617"}],"collection":[{"href":"https:\/\/www.sopha-sahara.com\/en\/wp-json\/wp\/v2\/product"}],"about":[{"href":"https:\/\/www.sopha-sahara.com\/en\/wp-json\/wp\/v2\/types\/product"}],"wp:featuredmedia":[{"embeddable":true,"href":"https:\/\/www.sopha-sahara.com\/en\/wp-json\/wp\/v2\/media\/22638"}],"wp:attachment":[{"href":"https:\/\/www.sopha-sahara.com\/en\/wp-json\/wp\/v2\/media?parent=22617"}],"wp:term":[{"taxonomy":"product_cat","embeddable":true,"href":"https:\/\/www.sopha-sahara.com\/en\/wp-json\/wp\/v2\/product_cat?post=22617"},{"taxonomy":"product_tag","embeddable":true,"href":"https:\/\/www.sopha-sahara.com\/en\/wp-json\/wp\/v2\/product_tag?post=22617"}],"curies":[{"name":"wp","href":"https:\/\/api.w.org\/{rel}","templated":true}]}}