{"id":22614,"date":"2020-12-14T12:14:08","date_gmt":"2020-12-14T11:14:08","guid":{"rendered":"https:\/\/www.interbusinesschamber.com\/produit\/a-derma-pain-surgras-100g\/"},"modified":"2020-12-29T17:05:30","modified_gmt":"2020-12-29T16:05:30","slug":"a-derma-pain-surgras-100g","status":"publish","type":"product","link":"https:\/\/www.sopha-sahara.com\/en\/product\/a-derma-pain-surgras-100g\/","title":{"rendered":"A-DERMA PAIN SURGRAS 100G"},"content":{"rendered":"","protected":false},"excerpt":{"rendered":"<p>Le Pain surgras A-DERMA nettoie en douceur, nourrit et prot\u00e8ge les peaux s\u00e8ches. Texture cr\u00e9meuse et moussante. Formule ultra-enrichie en \u00e9mollients tel que le beurre de karit\u00e9 pour une peau qui ne tiraille plus apr\u00e8s la douche.<\/p>\n<p>D\u00e9licatement parfum\u00e9<\/p>\n<p>Visage, corps<\/p>\n<p>Adulte<\/p>\n<p>Peaux s\u00e8ches<\/p>","protected":false},"featured_media":22641,"template":"","meta":{"arc_restricted_post":false},"product_cat":[328,48],"product_tag":[],"_links":{"self":[{"href":"https:\/\/www.sopha-sahara.com\/en\/wp-json\/wp\/v2\/product\/22614"}],"collection":[{"href":"https:\/\/www.sopha-sahara.com\/en\/wp-json\/wp\/v2\/product"}],"about":[{"href":"https:\/\/www.sopha-sahara.com\/en\/wp-json\/wp\/v2\/types\/product"}],"wp:featuredmedia":[{"embeddable":true,"href":"https:\/\/www.sopha-sahara.com\/en\/wp-json\/wp\/v2\/media\/22641"}],"wp:attachment":[{"href":"https:\/\/www.sopha-sahara.com\/en\/wp-json\/wp\/v2\/media?parent=22614"}],"wp:term":[{"taxonomy":"product_cat","embeddable":true,"href":"https:\/\/www.sopha-sahara.com\/en\/wp-json\/wp\/v2\/product_cat?post=22614"},{"taxonomy":"product_tag","embeddable":true,"href":"https:\/\/www.sopha-sahara.com\/en\/wp-json\/wp\/v2\/product_tag?post=22614"}],"curies":[{"name":"wp","href":"https:\/\/api.w.org\/{rel}","templated":true}]}}