{"id":22612,"date":"2020-12-14T12:14:08","date_gmt":"2020-12-14T11:14:08","guid":{"rendered":"https:\/\/www.interbusinesschamber.com\/produit\/a-derma-exomega-huile-lavante-emolliente-anti-grattage-200-ml\/"},"modified":"2020-12-29T17:02:41","modified_gmt":"2020-12-29T16:02:41","slug":"a-derma-exomega-huile-lavante-emolliente-anti-grattage-200-ml","status":"publish","type":"product","link":"https:\/\/www.sopha-sahara.com\/en\/product\/a-derma-exomega-huile-lavante-emolliente-anti-grattage-200-ml\/","title":{"rendered":"A-DERMA EXOMEGA HUILE LAVANTE \u00c9MOLLIENTE ANTI-GRATTAGE 200 ML"},"content":{"rendered":"<p><strong>Conseils d'utilisations:<\/strong><\/p>\n<p>Dans la douche ou le bain, Il est recommand\u00e9 d'appliquer aderma exomega l'huile lavante sur peau humide, faire mousser et rincer.<\/p>","protected":false},"excerpt":{"rendered":"<p>Aderma Exomega control est une huile lavante \u00e9molliente id\u00e9ale pour l&rsquo;hygi\u00e8ne quotidienne des peaux s\u00e8ches \u00e0 tendance atopique.<br \/>Cette huile convient \u00e0 toute la famille, m\u00eame au nourrisson, permet de\u00a0nettoyer\u00a0en douceur le visage, le corps et les cheveux. Anti-grattage, sa formule nourrit et apaise la peau.<br \/>Sans savon, ph physiologique, d\u00e9licatement parfum\u00e9e, test\u00e9e sous contr\u00f4le dermatologique et p\u00e9diatrique. 91% des ingr\u00e9dients sont d&rsquo;origine naturelle.<\/p>","protected":false},"featured_media":22637,"template":"","meta":{"arc_restricted_post":false},"product_cat":[328,48],"product_tag":[],"_links":{"self":[{"href":"https:\/\/www.sopha-sahara.com\/en\/wp-json\/wp\/v2\/product\/22612"}],"collection":[{"href":"https:\/\/www.sopha-sahara.com\/en\/wp-json\/wp\/v2\/product"}],"about":[{"href":"https:\/\/www.sopha-sahara.com\/en\/wp-json\/wp\/v2\/types\/product"}],"wp:featuredmedia":[{"embeddable":true,"href":"https:\/\/www.sopha-sahara.com\/en\/wp-json\/wp\/v2\/media\/22637"}],"wp:attachment":[{"href":"https:\/\/www.sopha-sahara.com\/en\/wp-json\/wp\/v2\/media?parent=22612"}],"wp:term":[{"taxonomy":"product_cat","embeddable":true,"href":"https:\/\/www.sopha-sahara.com\/en\/wp-json\/wp\/v2\/product_cat?post=22612"},{"taxonomy":"product_tag","embeddable":true,"href":"https:\/\/www.sopha-sahara.com\/en\/wp-json\/wp\/v2\/product_tag?post=22612"}],"curies":[{"name":"wp","href":"https:\/\/api.w.org\/{rel}","templated":true}]}}