{"id":22611,"date":"2020-12-14T12:14:08","date_gmt":"2020-12-14T11:14:08","guid":{"rendered":"https:\/\/www.interbusinesschamber.com\/produit\/a-derma-exomega-d-e-f-i-creme-emolliente-200-ml\/"},"modified":"2020-12-29T17:00:42","modified_gmt":"2020-12-29T16:00:42","slug":"a-derma-exomega-d-e-f-i-creme-emolliente-200-ml","status":"publish","type":"product","link":"https:\/\/www.sopha-sahara.com\/en\/product\/a-derma-exomega-d-e-f-i-creme-emolliente-200-ml\/","title":{"rendered":"A-DERMA EXOMEGA D.E.F.I CR\u00c8ME \u00c9MOLLIENTE \u2013 200 ML"},"content":{"rendered":"<h4 class=\"tabs-title\">CONSEILS D\u2019UTILISATION<\/h4>\n<div class=\"std new-std\">\n<p>Appliquer la cr\u00e8me \u00e9molliente Exomega D.E.F.I 1 \u00e0 2 fois par jour sur une peau propre et s\u00e8che.<\/p>\n<\/div>","protected":false},"excerpt":{"rendered":"<p>A-DERMA Cr\u00e8me \u00e9molliente riche Exomega D.E.F.I\u00a0 Aux plantules d\u2019avoine Rhealba Soulage les sensations de d\u00e9mangeaisons<br \/>0% paraben<br \/>0% parfum<br \/>0% conservateur<br \/>Peaux atopiques<br \/>Nourrissons, enfants et adultes<br \/>200ml<\/p>\n<p>Le soin \u00e9mollient des peaux atopiques. Une cr\u00e8me \u00e0 la texture onctueuse, qui calme les irritations, restaure la barri\u00e8re cutan\u00e9e et enveloppe la peau de douceur et de confort.<\/p>\n<p>Le produit A-DERMA le plus vendu dans le monde.<br \/>D\u00e9j\u00e0 culte, la cr\u00e8me \u00e9molliente EXOMEGA n\u2019a rien \u00e0 prouver et saura compl\u00e9ter efficacement votre programme de soin pour une efficacit\u00e9 maximum.<\/p>\n<ul>\n<li>Extrait de Plantules d\u2019Avoine Rhealba : Calme les irritations et apaise la peau Filax\u00e9rine, association unique de 2 compos\u00e9s issus de la gel\u00e9e royale (le 10 HDA) et de l\u2019huile d\u2019onagre.<\/li>\n<li>Riche en acides gras Omega 6 : Aide \u00e0 la reconstruction de la barri\u00e8re cutan\u00e9e.<\/li>\n<li>Vitamine B3 : Agit sur le ciment inter-corn\u00e9ocytaire.<\/li>\n<\/ul>","protected":false},"featured_media":22635,"template":"","meta":{"arc_restricted_post":false},"product_cat":[328,48],"product_tag":[],"_links":{"self":[{"href":"https:\/\/www.sopha-sahara.com\/en\/wp-json\/wp\/v2\/product\/22611"}],"collection":[{"href":"https:\/\/www.sopha-sahara.com\/en\/wp-json\/wp\/v2\/product"}],"about":[{"href":"https:\/\/www.sopha-sahara.com\/en\/wp-json\/wp\/v2\/types\/product"}],"wp:featuredmedia":[{"embeddable":true,"href":"https:\/\/www.sopha-sahara.com\/en\/wp-json\/wp\/v2\/media\/22635"}],"wp:attachment":[{"href":"https:\/\/www.sopha-sahara.com\/en\/wp-json\/wp\/v2\/media?parent=22611"}],"wp:term":[{"taxonomy":"product_cat","embeddable":true,"href":"https:\/\/www.sopha-sahara.com\/en\/wp-json\/wp\/v2\/product_cat?post=22611"},{"taxonomy":"product_tag","embeddable":true,"href":"https:\/\/www.sopha-sahara.com\/en\/wp-json\/wp\/v2\/product_tag?post=22611"}],"curies":[{"name":"wp","href":"https:\/\/api.w.org\/{rel}","templated":true}]}}