{"id":22610,"date":"2020-12-14T12:14:08","date_gmt":"2020-12-14T11:14:08","guid":{"rendered":"https:\/\/www.interbusinesschamber.com\/produit\/a-derma-dermalibour-creme-reparatrice-visage-et-corps-apaisante-50ml\/"},"modified":"2020-12-29T16:58:09","modified_gmt":"2020-12-29T15:58:09","slug":"a-derma-dermalibour-creme-reparatrice-visage-et-corps-apaisante-50ml","status":"publish","type":"product","link":"https:\/\/www.sopha-sahara.com\/en\/product\/a-derma-dermalibour-creme-reparatrice-visage-et-corps-apaisante-50ml\/","title":{"rendered":"A-DERMA DERMALIBOUR+ CR\u00c8ME REPARATRICE VISAGE ET CORPS APAISANTE 50ML"},"content":{"rendered":"","protected":false},"excerpt":{"rendered":"<p>La Cr\u00e8me r\u00e9paratrice Dermalibour + apaise et favorise la r\u00e9paration \u00e9pidermique des peaux irrit\u00e9es et fragilis\u00e9es. Incontournable pour faire face aux petits tracas du quotidien, c&rsquo;est \u00e0 dire quand \u00ab\u00a0c&rsquo;est rouge, que \u00e7a gratte ou que ca pique\u00a0\u00bb. Contient 2 % de glyc\u00e9rine en plus pour plus de confort, une meilleure protection, et une texture plus glissante tout en restant non occlusive. Participe \u00e0 la r\u00e9paration \u00e9pidermique en 4 jours.<\/p>\n<p>Visage, corps, muqueuses externes<\/p>\n<p>Nourrisson, enfant, adulte<\/p>\n<p>Peaux irrit\u00e9es s\u00e8ches<\/p>","protected":false},"featured_media":22654,"template":"","meta":{"arc_restricted_post":false},"product_cat":[328,48],"product_tag":[],"_links":{"self":[{"href":"https:\/\/www.sopha-sahara.com\/en\/wp-json\/wp\/v2\/product\/22610"}],"collection":[{"href":"https:\/\/www.sopha-sahara.com\/en\/wp-json\/wp\/v2\/product"}],"about":[{"href":"https:\/\/www.sopha-sahara.com\/en\/wp-json\/wp\/v2\/types\/product"}],"wp:featuredmedia":[{"embeddable":true,"href":"https:\/\/www.sopha-sahara.com\/en\/wp-json\/wp\/v2\/media\/22654"}],"wp:attachment":[{"href":"https:\/\/www.sopha-sahara.com\/en\/wp-json\/wp\/v2\/media?parent=22610"}],"wp:term":[{"taxonomy":"product_cat","embeddable":true,"href":"https:\/\/www.sopha-sahara.com\/en\/wp-json\/wp\/v2\/product_cat?post=22610"},{"taxonomy":"product_tag","embeddable":true,"href":"https:\/\/www.sopha-sahara.com\/en\/wp-json\/wp\/v2\/product_tag?post=22610"}],"curies":[{"name":"wp","href":"https:\/\/api.w.org\/{rel}","templated":true}]}}