{"id":22609,"date":"2020-12-14T12:14:07","date_gmt":"2020-12-14T11:14:07","guid":{"rendered":"https:\/\/www.interbusinesschamber.com\/produit\/a-derma-cytelium-spray-assechant-100ml\/"},"modified":"2020-12-29T16:56:44","modified_gmt":"2020-12-29T15:56:44","slug":"a-derma-cytelium-spray-assechant-100ml","status":"publish","type":"product","link":"https:\/\/www.sopha-sahara.com\/en\/product\/a-derma-cytelium-spray-assechant-100ml\/","title":{"rendered":"A-DERMA CYTELIUM SPRAY ASSECHANT 100ML"},"content":{"rendered":"","protected":false},"excerpt":{"rendered":"<p>Le Spray ass\u00e9chant CYTELIUM ass\u00e8che et apaise sans colorer les zones irrit\u00e9es sujettes \u00e0 mac\u00e9ration (zones humides, plis cutan\u00e9es, \u00e9piderme fessier\u2026) de toute la famille.<\/p>\n<p>Formule naturelle &amp; haute tol\u00e9rance<\/p>\n<p>99% d&rsquo;ingr\u00e9dients d&rsquo;origine naturelle<\/p>\n<p>Pour toute la famille<\/p>\n<p>Peut s&rsquo;appliquer sur le visage, le corps<\/p>\n<p>Formule test\u00e9e sous contr\u00f4le dermatologique et p\u00e9diatrique.<\/p>","protected":false},"featured_media":22652,"template":"","meta":{"arc_restricted_post":false},"product_cat":[328,48],"product_tag":[],"_links":{"self":[{"href":"https:\/\/www.sopha-sahara.com\/en\/wp-json\/wp\/v2\/product\/22609"}],"collection":[{"href":"https:\/\/www.sopha-sahara.com\/en\/wp-json\/wp\/v2\/product"}],"about":[{"href":"https:\/\/www.sopha-sahara.com\/en\/wp-json\/wp\/v2\/types\/product"}],"wp:featuredmedia":[{"embeddable":true,"href":"https:\/\/www.sopha-sahara.com\/en\/wp-json\/wp\/v2\/media\/22652"}],"wp:attachment":[{"href":"https:\/\/www.sopha-sahara.com\/en\/wp-json\/wp\/v2\/media?parent=22609"}],"wp:term":[{"taxonomy":"product_cat","embeddable":true,"href":"https:\/\/www.sopha-sahara.com\/en\/wp-json\/wp\/v2\/product_cat?post=22609"},{"taxonomy":"product_tag","embeddable":true,"href":"https:\/\/www.sopha-sahara.com\/en\/wp-json\/wp\/v2\/product_tag?post=22609"}],"curies":[{"name":"wp","href":"https:\/\/api.w.org\/{rel}","templated":true}]}}