{"id":21703,"date":"2020-12-11T16:28:39","date_gmt":"2020-12-11T15:28:39","guid":{"rendered":"https:\/\/www.interbusinesschamber.com\/produit\/isispharma-neotone-eyes-contour-des-yeux-15ml\/"},"modified":"2020-12-30T17:23:12","modified_gmt":"2020-12-30T16:23:12","slug":"isispharma-neotone-eyes-contour-des-yeux-15ml","status":"publish","type":"product","link":"https:\/\/www.sopha-sahara.com\/en\/product\/isispharma-neotone-eyes-contour-des-yeux-15ml\/","title":{"rendered":"ISISPHARMA NEOTONE EYES CONTOUR DES YEUX 15ML"},"content":{"rendered":"<p><strong>PROPRI\u00c9T\u00c9S DES PRINCIPAUX ACTIFS<\/strong><br \/>\u2022 Extrait de licorice pur : action \u00e9claircissante<br \/>\u2022 Extrait de chlorella vulgaris : action anti-cernes<br \/>\u2022 T\u00e9trapeptide : action anti-poches<br \/>\u2022 Bisabolol : action apaisante<br \/>\u2022 Acide hyaluronique : action hydratante et anti-rides.<\/p>\n<p>La gamme de soins d\u00e9pigmentants dermatologiques NEOTONE\u00ae assure une efficacit\u00e9 optimale contre les taches pigmentaires gr\u00e2ce \u00e0 son complexe brevet\u00e9 DEPI-ACT\u00ae. Il agit \u00e0 chaque \u00e9tape de la formation des taches et utilise un mode d'action innovant : celui du mim\u00e9tisme du m\u00e9canisme responsable de la blancheur de nos paumes de mains et de nos plantes de pieds.<br \/>Cette gamme se d\u00e9cline afin de s'adapter \u00e0 tous les types de peaux, notamment les peaux sensibles, ainsi qu'\u00e0 tous les types de taches.<br \/>Tout en offrant une routine compl\u00e8te pour nettoyer, corriger et pr\u00e9venir l'apparition de taches pigmentaires, NEOTONE\u00ae prot\u00e8ge la peau et l'aide \u00e0 retrouver un \u00e9quilibre naturel.<\/p>\n<div><strong>Conseils d'utilisation<\/strong><\/div>\n<p>Appliquer quotidiennement matin et soir, sur une peau propre, sur le contour de l'\u0153il par l\u00e9gers mouvements circulaires.<\/p>","protected":false},"excerpt":{"rendered":"<p>eotone Eyes Contour des yeux \u00e9claircissant<br \/>Sp\u00e9cifiquement d\u00e9velopp\u00e9 pour la peau sensible du contour de l&rsquo;\u0153il, NEOTONE\u00ae Eyes r\u00e9duit efficacement les cernes vasculaires (aspect bleu\/violet) et pigmentaires (aspect brun\/noir) ainsi que les poches.<br \/>Gr\u00e2ce \u00e0 sa combinaison d&rsquo;actifs optimale, ce soin offre une action \u00e0 la fois \u00e9claircissante et hydratante. Sa bille roll-on associ\u00e9e \u00e0 sa texture gel-cr\u00e8me permettent un effet frais, apaisant et d\u00e9congestionnant.<\/p>\n<p>. Action 4 en 1 : \u00e9claircissante, anti-cernes, anti-poches, apaisante<br \/>. Actif anti-rides et hydratant pour redonner de l&rsquo;\u00e9clat au regard<br \/>. Effet frais et d\u00e9congestionnant gr\u00e2ce \u00e0 l&rsquo;application roll-on<\/p>","protected":false},"featured_media":21637,"template":"","meta":{"arc_restricted_post":false},"product_cat":[48,327],"product_tag":[],"_links":{"self":[{"href":"https:\/\/www.sopha-sahara.com\/en\/wp-json\/wp\/v2\/product\/21703"}],"collection":[{"href":"https:\/\/www.sopha-sahara.com\/en\/wp-json\/wp\/v2\/product"}],"about":[{"href":"https:\/\/www.sopha-sahara.com\/en\/wp-json\/wp\/v2\/types\/product"}],"wp:featuredmedia":[{"embeddable":true,"href":"https:\/\/www.sopha-sahara.com\/en\/wp-json\/wp\/v2\/media\/21637"}],"wp:attachment":[{"href":"https:\/\/www.sopha-sahara.com\/en\/wp-json\/wp\/v2\/media?parent=21703"}],"wp:term":[{"taxonomy":"product_cat","embeddable":true,"href":"https:\/\/www.sopha-sahara.com\/en\/wp-json\/wp\/v2\/product_cat?post=21703"},{"taxonomy":"product_tag","embeddable":true,"href":"https:\/\/www.sopha-sahara.com\/en\/wp-json\/wp\/v2\/product_tag?post=21703"}],"curies":[{"name":"wp","href":"https:\/\/api.w.org\/{rel}","templated":true}]}}