{"id":21702,"date":"2020-12-11T16:28:39","date_gmt":"2020-12-11T15:28:39","guid":{"rendered":"https:\/\/www.interbusinesschamber.com\/produit\/isispharma-urelia-50-baume-hydratant-keratolytique-50-uree-30ml\/"},"modified":"2020-12-30T17:29:42","modified_gmt":"2020-12-30T16:29:42","slug":"isispharma-urelia-50-baume-hydratant-keratolytique-50-uree-30ml","status":"publish","type":"product","link":"https:\/\/www.sopha-sahara.com\/en\/product\/isispharma-urelia-50-baume-hydratant-keratolytique-50-uree-30ml\/","title":{"rendered":"ISISPHARMA URELIA 50 BAUME HYDRATANT KERATOLYTIQUE 50% UR\u00c9E 30ML"},"content":{"rendered":"<div class=\"product-wrapper-desc\">\n<p><strong>PROPRI\u00c9T\u00c9S DES INGR\u00c9DIENTS PRINCIPAUX<\/strong><\/p>\n<p>\u2022\u00a0UR\u00c9E (50%)\u00a0: \u00e9limine les squames et r\u00e9gule la division cellulaire \/ hydrate \/ apaise\u00a0\/ favorise la p\u00e9n\u00e9tration des ingr\u00e9dients<\/p>\n<p>\u2022\u00a0COMPLEXE BREVET\u00c9 D\u2019ACIDES AMIN\u00c9S\u00a0: pr\u00e9vient et r\u00e9pare les dommages cutan\u00e9s \/ restaure la fonction barri\u00e8re naturelle de la peau<\/p>\n<p>\u2022\u00a0A.H.A: k\u00e9rator\u00e9gulateur<\/p>\n<p>\u2022\u00a0CHLORURE DE SODIUM\u00a0: optimise l\u2019efficacit\u00e9 de l\u2019ur\u00e9e<\/p>\n<p>\u2022\u00a0GLYC\u00c9RINE\u00a0+\u00a0BEURRE DE KARIT\u00c9: propri\u00e9t\u00e9s \u00e9mollientes et hydratantes<\/p>\n<\/div>\n<div class=\"product-wrapper-ctn howtouse howtouse-urelia\">\n<div class=\"product-wrapper-title urelia\"><strong>UTILISATION<\/strong><\/div>\n<div class=\"product-wrapper-desc\">\n<p>Appliquer\u00a0URELIA\u00ae 50\u00a0une ou deux fois par jour sur les zones concern\u00e9es (plaques, callosit\u00e9s, ongles). Utiliser une protection solaire appropri\u00e9e sur les zones expos\u00e9es et limiter l\u2019exposition au soleil durant l\u2019utilisation du produit et une semaine apr\u00e8s la fin de l\u2019utilisation. Eviter le contact avec les yeux. Usage externe seulement.<\/p>\n<\/div>\n<\/div>\n<div class=\"product-wrapper-ctn\">\n<div class=\"product-wrapper-desc\">\n<p>&nbsp;<\/p>\n<p>0% PARAB\u00c8NE \u2022 0% PH\u00c9NOXY\u00c9THANOL \u2022 SANS PARFUM<\/p>\n<\/div>\n<\/div>","protected":false},"excerpt":{"rendered":"<p>URELIA\u00ae 50\u00a0est sp\u00e9cialement adapt\u00e9 pour les\u00a0peaux tr\u00e8s s\u00e8ches comportant des hyperk\u00e9ratoses localis\u00e9es.\u00a0Il combine une action k\u00e9ratolytique intense et\u00a0une hydratation durable. Il \u00e9limine efficacement les squames\u00a0et r\u00e9duit les zones rugueuses tout en contribuant \u00e0 r\u00e9tablir la barri\u00e8re cutan\u00e9e.<\/p>","protected":false},"featured_media":21644,"template":"","meta":{"arc_restricted_post":false},"product_cat":[48,327],"product_tag":[],"_links":{"self":[{"href":"https:\/\/www.sopha-sahara.com\/en\/wp-json\/wp\/v2\/product\/21702"}],"collection":[{"href":"https:\/\/www.sopha-sahara.com\/en\/wp-json\/wp\/v2\/product"}],"about":[{"href":"https:\/\/www.sopha-sahara.com\/en\/wp-json\/wp\/v2\/types\/product"}],"wp:featuredmedia":[{"embeddable":true,"href":"https:\/\/www.sopha-sahara.com\/en\/wp-json\/wp\/v2\/media\/21644"}],"wp:attachment":[{"href":"https:\/\/www.sopha-sahara.com\/en\/wp-json\/wp\/v2\/media?parent=21702"}],"wp:term":[{"taxonomy":"product_cat","embeddable":true,"href":"https:\/\/www.sopha-sahara.com\/en\/wp-json\/wp\/v2\/product_cat?post=21702"},{"taxonomy":"product_tag","embeddable":true,"href":"https:\/\/www.sopha-sahara.com\/en\/wp-json\/wp\/v2\/product_tag?post=21702"}],"curies":[{"name":"wp","href":"https:\/\/api.w.org\/{rel}","templated":true}]}}