{"id":21701,"date":"2020-12-11T16:28:39","date_gmt":"2020-12-11T15:28:39","guid":{"rendered":"https:\/\/www.interbusinesschamber.com\/produit\/isispharma-vitiskin-hydrogel-regulateur-favorise-la-repigmentation-50-ml\/"},"modified":"2020-12-30T17:31:10","modified_gmt":"2020-12-30T16:31:10","slug":"isispharma-vitiskin-hydrogel-regulateur-favorise-la-repigmentation-50-ml","status":"publish","type":"product","link":"https:\/\/www.sopha-sahara.com\/en\/product\/isispharma-vitiskin-hydrogel-regulateur-favorise-la-repigmentation-50-ml\/","title":{"rendered":"ISISPHARMA VITISKIN HYDROGEL R\u00c9GULATEUR FAVORISE LA REPIGMENTATION 50 ML"},"content":{"rendered":"<div class=\"product-wrapper-desc\">\n<p><strong>PROPRI\u00c9T\u00c9S DES PRINCIPAUX ACTIFS<\/strong><\/p>\n<p>\u2022\u00a0SOD\u00a0(superoxyde dismutase) : diminue les radicaux libres et restaure l\u2019\u00e9quilibre antioxydant<\/p>\n<p>\u2022\u00a0CUIVRE\u00a0+\u00a0ZINC\u00a0: aident \u00e0 r\u00e9\u00e9quilibrer les carences en cuivre et zinc, catalyse la SOD et stimulent l\u2019activit\u00e9 de la tyrosinase<\/p>\n<p>\u2022\u00a0VITAMINE B12\u00a0<strong>:\u00a0<\/strong>aide \u00e0 r\u00e9\u00e9quilibrer les carences en vitamine B12 et favorise la r\u00e9gulation de la synth\u00e8se de la m\u00e9lanine<\/p>\n<p>\u2022\u00a0CALCIUM PANTHOTENATE\u00a0(VITAMINE B5)\u00a0: aide \u00e0 r\u00e9\u00e9quilibrer les carences en vitamine B5 et est un pr\u00e9cuseur de la synth\u00e8se de la m\u00e9lanine<\/p>\n<\/div>\n<div class=\"product-wrapper-ctn howtouse howtouse-vitiskin\">\n<div class=\"product-wrapper-title vitiskin\"><strong>UTILISATION<\/strong><\/div>\n<div class=\"product-wrapper-desc\">\n<p>Appliquer\u00a0VITISKIN\u00ae\u00a02 fois par jour (matin et soir) sur les zones concern\u00e9es ou comme indiqu\u00e9 par votre dermatologue ou professionnel de sant\u00e9. Peut \u00eatre utilis\u00e9 apr\u00e8s vos soins quotidiens. \u00c9viter le contact avec les yeux. En cas de contact, rincer abondamment \u00e0 l\u2019eau claire. Usage externe.\u00a0VITISKIN\u00ae\u00a0est recommand\u00e9 en association \u00e0 une th\u00e9rapie UVB.<\/p>\n<\/div>\n<\/div>\n<div class=\"product-wrapper-ctn\">\n<div class=\"product-wrapper-desc\">\n<p>&nbsp;<\/p>\n<p>0% PARAB\u00c8NE \u2022 HYPOALLERG\u00c9NIQUE \u2022 NON COM\u00c9DOG\u00c8NE\u00a0<\/p>\n<\/div>\n<\/div>","protected":false},"excerpt":{"rendered":"<p>VITISKIN\u00ae\u00a0a \u00e9t\u00e9 sp\u00e9cialement d\u00e9velopp\u00e9 pour les peaux pr\u00e9sentant des taches de d\u00e9pigmentation. L\u2019association d\u2019actifs pr\u00e9sents dans la formule favorise la repigmentation de l\u2019\u00e9piderme. La texture gel p\u00e9n\u00e8tre facilement et optimise l\u2019absorption des actifs.<\/p>","protected":false},"featured_media":21647,"template":"","meta":{"arc_restricted_post":false},"product_cat":[48,327],"product_tag":[],"_links":{"self":[{"href":"https:\/\/www.sopha-sahara.com\/en\/wp-json\/wp\/v2\/product\/21701"}],"collection":[{"href":"https:\/\/www.sopha-sahara.com\/en\/wp-json\/wp\/v2\/product"}],"about":[{"href":"https:\/\/www.sopha-sahara.com\/en\/wp-json\/wp\/v2\/types\/product"}],"wp:featuredmedia":[{"embeddable":true,"href":"https:\/\/www.sopha-sahara.com\/en\/wp-json\/wp\/v2\/media\/21647"}],"wp:attachment":[{"href":"https:\/\/www.sopha-sahara.com\/en\/wp-json\/wp\/v2\/media?parent=21701"}],"wp:term":[{"taxonomy":"product_cat","embeddable":true,"href":"https:\/\/www.sopha-sahara.com\/en\/wp-json\/wp\/v2\/product_cat?post=21701"},{"taxonomy":"product_tag","embeddable":true,"href":"https:\/\/www.sopha-sahara.com\/en\/wp-json\/wp\/v2\/product_tag?post=21701"}],"curies":[{"name":"wp","href":"https:\/\/api.w.org\/{rel}","templated":true}]}}