{"id":21700,"date":"2020-12-11T16:28:39","date_gmt":"2020-12-11T15:28:39","guid":{"rendered":"https:\/\/www.interbusinesschamber.com\/produit\/isispharma-unitone-white-4-advanced\/"},"modified":"2020-12-30T17:28:19","modified_gmt":"2020-12-30T16:28:19","slug":"isispharma-unitone-white-4-advanced","status":"publish","type":"product","link":"https:\/\/www.sopha-sahara.com\/en\/product\/isispharma-unitone-white-4-advanced\/","title":{"rendered":"ISISPHARMA UNITONE WHITE 4 ADVANCED"},"content":{"rendered":"<div class=\"product-wrapper-desc\">\n<p><strong>PROPRI\u00c9T\u00c9S DES PRINCIPAUX ACTIFS<\/strong><\/p>\n<ul>\n<li>\u2022\u00a0COMPLEXE D\u2019ACTIFS CONCENTR\u00c9S\u00a0: r\u00e9duit la production excessive de m\u00e9lanine<br \/>\u2022\u00a0ACIDE GLYCOLIQUE\u00a0: exfolie en douceur la m\u00e9lanine pr\u00e9form\u00e9e \u00e0 la surface de la peau<\/li>\n<\/ul>\n<\/div>\n<div class=\"product-wrapper-ctn howtouse howtouse-unitone4\">\n<div class=\"product-wrapper-title unitone4\"><strong>UTILISATION<\/strong><\/div>\n<div class=\"product-wrapper-desc\">\n<p>Appliquer\u00a0UNITONE\u00ae 4 white advanced\u00a0une fois par jour, uniquement le soir, sur les zones \u00e0 traiter ou comme indiqu\u00e9 par votre dermatologue ou professionnel de sant\u00e9.\u00a0UNITONE 4 white advanced\u00a0a \u00e9t\u00e9 sp\u00e9cialement formul\u00e9 pour une application de nuit.<\/p>\n<\/div>\n<\/div>","protected":false},"excerpt":{"rendered":"<p>UNITONE\u00ae 4 white advanced\u00a0a \u00e9t\u00e9 sp\u00e9cialement d\u00e9velopp\u00e9 pour les peaux pr\u00e9sentant des taches pigmentaires.<\/p>","protected":false},"featured_media":21643,"template":"","meta":{"arc_restricted_post":false},"product_cat":[48,327],"product_tag":[],"_links":{"self":[{"href":"https:\/\/www.sopha-sahara.com\/en\/wp-json\/wp\/v2\/product\/21700"}],"collection":[{"href":"https:\/\/www.sopha-sahara.com\/en\/wp-json\/wp\/v2\/product"}],"about":[{"href":"https:\/\/www.sopha-sahara.com\/en\/wp-json\/wp\/v2\/types\/product"}],"wp:featuredmedia":[{"embeddable":true,"href":"https:\/\/www.sopha-sahara.com\/en\/wp-json\/wp\/v2\/media\/21643"}],"wp:attachment":[{"href":"https:\/\/www.sopha-sahara.com\/en\/wp-json\/wp\/v2\/media?parent=21700"}],"wp:term":[{"taxonomy":"product_cat","embeddable":true,"href":"https:\/\/www.sopha-sahara.com\/en\/wp-json\/wp\/v2\/product_cat?post=21700"},{"taxonomy":"product_tag","embeddable":true,"href":"https:\/\/www.sopha-sahara.com\/en\/wp-json\/wp\/v2\/product_tag?post=21700"}],"curies":[{"name":"wp","href":"https:\/\/api.w.org\/{rel}","templated":true}]}}