{"id":21699,"date":"2020-12-11T16:28:39","date_gmt":"2020-12-11T15:28:39","guid":{"rendered":"https:\/\/www.interbusinesschamber.com\/produit\/isispharma-unitone-4-reveal-serum-15ml\/"},"modified":"2020-12-30T17:27:35","modified_gmt":"2020-12-30T16:27:35","slug":"isispharma-unitone-4-reveal-serum-15ml","status":"publish","type":"product","link":"https:\/\/www.sopha-sahara.com\/en\/product\/isispharma-unitone-4-reveal-serum-15ml\/","title":{"rendered":"ISISPHARMA UNITONE 4 REVEAL SERUM 15ML"},"content":{"rendered":"<p><strong>UTILISATION<\/strong>\u00a0<br \/>Appliquer UNITONE 4 reveal serum 1 \u00e0 2 fois par jour sur les zones \u00e0 traiter. Peut \u00eatre utilis\u00e9 le jour.\u00a0<\/p>\n<p><strong>PROPRI\u00c9T\u00c9S<\/strong>\u00a0<br \/>Gr\u00e2ce \u00e0 une nouvelle g\u00e9n\u00e9ration d'agents d\u00e9pigmentant actifs de la plus haute efficacit\u00e9 et d\u2019une tol\u00e9rance parfaite, UNITONE 4 reveal serum apporte un traitement efficace pour r\u00e9duire les taches pigmentaires, en seulement quelques semaines.\u00a0<\/p>\n<p>1. Un extrait de R\u00e9glisse le plus pur combin\u00e9 avec l'Alpha-Arbutin (2%) lutte contre la surproduction de m\u00e9lanine.\u00a0<\/p>\n<p>2. L'Acide citrique (6%) exfolie la m\u00e9lanine pr\u00e9form\u00e9e \u00e0 la surface de la peau. Il nettoie la peau avec un effet blanchissant de longue dur\u00e9e.\u00a0<\/p>\n<p>3. L'Acide ascorbique (2%) am\u00e9liore la l'\u00e9clat de la peau. Il r\u00e9v\u00e8le et renouvelle la luminosit\u00e9 de la peau.\u00a0<\/p>\n<p><strong>INGR\u00c9DIENTS<\/strong>\u00a0<br \/>AQUA (WATER), CITRIC ACID, HYDROXYPROPYL STARCH PHOSPHATE, ALPHA-ARBUTIN, ASCORBYL\u00a0<br \/>GLUCOSIDE, AMINOMETHYL PROPANOL, ALCOHOL DENAT., SODIUM HYDROXIDE, DICAPRYLYL CARBONATE, PHENOXYETHANOL, METHYLPARABEN, PROPYLPARABEN, GLYCYRRHIZA GLABRA (LICORICE) ROOT EXTRACT, SODIUM METABISULFITE, ETHYLPARABEN, TOCOPHEROL.<\/p>","protected":false},"excerpt":{"rendered":"<p>Taches pigmentaires\u00a0<br \/>S\u00e9rum \u00e9claircissant intensif\u00a0<\/p>","protected":false},"featured_media":21642,"template":"","meta":{"arc_restricted_post":false},"product_cat":[48,327],"product_tag":[],"_links":{"self":[{"href":"https:\/\/www.sopha-sahara.com\/en\/wp-json\/wp\/v2\/product\/21699"}],"collection":[{"href":"https:\/\/www.sopha-sahara.com\/en\/wp-json\/wp\/v2\/product"}],"about":[{"href":"https:\/\/www.sopha-sahara.com\/en\/wp-json\/wp\/v2\/types\/product"}],"wp:featuredmedia":[{"embeddable":true,"href":"https:\/\/www.sopha-sahara.com\/en\/wp-json\/wp\/v2\/media\/21642"}],"wp:attachment":[{"href":"https:\/\/www.sopha-sahara.com\/en\/wp-json\/wp\/v2\/media?parent=21699"}],"wp:term":[{"taxonomy":"product_cat","embeddable":true,"href":"https:\/\/www.sopha-sahara.com\/en\/wp-json\/wp\/v2\/product_cat?post=21699"},{"taxonomy":"product_tag","embeddable":true,"href":"https:\/\/www.sopha-sahara.com\/en\/wp-json\/wp\/v2\/product_tag?post=21699"}],"curies":[{"name":"wp","href":"https:\/\/api.w.org\/{rel}","templated":true}]}}