{"id":21698,"date":"2020-12-11T16:28:38","date_gmt":"2020-12-11T15:28:38","guid":{"rendered":"https:\/\/www.interbusinesschamber.com\/produit\/isispharma-unitone-4-reveal-gel-exfoliant-eclaircissant-moussant-150ml\/"},"modified":"2020-12-30T17:26:19","modified_gmt":"2020-12-30T16:26:19","slug":"isispharma-unitone-4-reveal-gel-exfoliant-eclaircissant-moussant-150ml","status":"publish","type":"product","link":"https:\/\/www.sopha-sahara.com\/en\/product\/isispharma-unitone-4-reveal-gel-exfoliant-eclaircissant-moussant-150ml\/","title":{"rendered":"ISISPHARMA UNITONE 4 REVEAL GEL EXFOLIANT ECLAIRCISSANT MOUSSANT 150ML"},"content":{"rendered":"<p><strong>Mode d'action:\u00a0<\/strong><\/p>\n<p>- L'extrait de Licorice agit sur la suproduction de m\u00e9lanine\u00a0<br \/>- La combinaison de l'acide citrique et de l'acide glycolique exfolie la m\u00e9lanine de la surface de la peau\u00a0<br \/>- La vitamine C \u00e9claircit le teint et prot\u00e8ge de l'inflammation. La peau redevient lumineuse\u00a0<\/p>\n<p><strong>INDICATION:<\/strong>\u00a0<\/p>\n<p>Taches pigmentaires du visage\u00a0<\/p>\n<p><strong>UTILISATION:<\/strong>\u00a0<\/p>\n<p>Appliquer quotidiennement matin et soir sur le visage l\u00e9g\u00e8rement humidifi\u00e9 avec des mouvements circulaires. Faire mousser en massant l\u00e9g\u00e8rement puis rincer \u00e0 l'eau ti\u00e8de et s\u00e9cher d\u00e9licatement.\u00a0<\/p>","protected":false},"excerpt":{"rendered":"<p>Unitone 4 reveal Gel Exfoliant Eclaircissant moussant Unitone 4 reveal Gel nettoie et exfolie le visage et lui donne une sensation imm\u00e9diate de fra\u00eecheur et de clart\u00e9. Son complexe de 4 actifs agit sur la surproduction de m\u00e9lanine et \u00e9liminine la m\u00e9lanine pr\u00e9form\u00e9e \u00e0 la surface de la peau.\u00a0<\/p>","protected":false},"featured_media":21641,"template":"","meta":{"arc_restricted_post":false},"product_cat":[48,327],"product_tag":[],"_links":{"self":[{"href":"https:\/\/www.sopha-sahara.com\/en\/wp-json\/wp\/v2\/product\/21698"}],"collection":[{"href":"https:\/\/www.sopha-sahara.com\/en\/wp-json\/wp\/v2\/product"}],"about":[{"href":"https:\/\/www.sopha-sahara.com\/en\/wp-json\/wp\/v2\/types\/product"}],"wp:featuredmedia":[{"embeddable":true,"href":"https:\/\/www.sopha-sahara.com\/en\/wp-json\/wp\/v2\/media\/21641"}],"wp:attachment":[{"href":"https:\/\/www.sopha-sahara.com\/en\/wp-json\/wp\/v2\/media?parent=21698"}],"wp:term":[{"taxonomy":"product_cat","embeddable":true,"href":"https:\/\/www.sopha-sahara.com\/en\/wp-json\/wp\/v2\/product_cat?post=21698"},{"taxonomy":"product_tag","embeddable":true,"href":"https:\/\/www.sopha-sahara.com\/en\/wp-json\/wp\/v2\/product_tag?post=21698"}],"curies":[{"name":"wp","href":"https:\/\/api.w.org\/{rel}","templated":true}]}}