{"id":21697,"date":"2020-12-11T16:28:38","date_gmt":"2020-12-11T15:28:38","guid":{"rendered":"https:\/\/www.interbusinesschamber.com\/produit\/isispharma-teen-derm-gel-nettoyant-150ml\/"},"modified":"2020-12-30T17:25:38","modified_gmt":"2020-12-30T16:25:38","slug":"isispharma-teen-derm-gel-nettoyant-150ml","status":"publish","type":"product","link":"https:\/\/www.sopha-sahara.com\/en\/product\/isispharma-teen-derm-gel-nettoyant-150ml\/","title":{"rendered":"ISISPHARMA TEEN DERM GEL NETTOYANT 150ML"},"content":{"rendered":"<div class=\"product-wrapper-desc\">\n<p><strong>PROPRI\u00c9T\u00c9S DES PRINCIPAUX ACTIFS<\/strong><\/p>\n<p>\u2022\u00a0[COMPLEXE\u00a0\u03b1-PURE\u00ae]\u00a0:\u00a0association d\u2019actifs s\u00e9bor\u00e9gulateurs, astringents, exfoliants, purifiants, assainissant, apaisants et hydratants<\/p>\n<p>\u2022\u00a0GLUCONOLACTONE\u00a0: exfoliant<\/p>\n<p>\u00a0\u2022\u00a0BILLES DE SILICE\u00a0: exfoliant naturel<\/p>\n<p>\u2022\u00a0ZINC+L-PCA\u00a0:\u00a0s\u00e9bor\u00e9gulateur et assainissant<\/p>\n<p>\u2022\u00a0COPPER+L-PCA: assainissant<\/p>\n<p>&nbsp;<\/p>\n<\/div>\n<div class=\"product-wrapper-ctn howtouse howtouse-teenderm\">\n<div class=\"product-wrapper-title teenderm\"><strong>UTILISATION<\/strong><\/div>\n<div class=\"product-wrapper-desc\">\n<p>Appliquer matin et soir sur l\u2019ensemble\u00a0du visage et du cou humidifi\u00e9s ou comme indiqu\u00e9 par votre dermatologue ou professionnel de sant\u00e9. Masser d\u00e9licatement 1 \u00e0 2 minutes puis rincer.<\/p>\n<\/div>\n<\/div>\n<div class=\"product-wrapper-ctn\">\n<div class=\"product-wrapper-desc\">\n<p>&nbsp;<\/p>\n<p>0% PARAB\u00c8NE \u2022 0% PH\u00c9NOXY\u00c9THANOL \u2022 SANS SAVON \u2022\u00a0PH PHYSIOLOGIQUE \u2022 NON COM\u00c9DOG\u00c8NE<\/p>\n<\/div>\n<\/div>\n","protected":false},"excerpt":{"rendered":"<p>TEEN DERM\u00ae GEL\u00a0a \u00e9t\u00e9 sp\u00e9cialement d\u00e9velopp\u00e9 pour les peaux mixtes \/ grasses \u00e0 imperfections. Enrichi en actifs s\u00e9bor\u00e9gulateurs, astringents et exfoliants, il nettoie et exfolie en douceur tout en \u00e9liminant impuret\u00e9s et exc\u00e8s de s\u00e9bum. Le teint est matifi\u00e9. La peau est nette, fra\u00eeche et liss\u00e9e*.<\/p>\n<p>*Auto-\u00e9valuation r\u00e9alis\u00e9e sur 22 volontaires.<\/p>","protected":false},"featured_media":21640,"template":"","meta":{"arc_restricted_post":false},"product_cat":[48,327],"product_tag":[],"_links":{"self":[{"href":"https:\/\/www.sopha-sahara.com\/en\/wp-json\/wp\/v2\/product\/21697"}],"collection":[{"href":"https:\/\/www.sopha-sahara.com\/en\/wp-json\/wp\/v2\/product"}],"about":[{"href":"https:\/\/www.sopha-sahara.com\/en\/wp-json\/wp\/v2\/types\/product"}],"wp:featuredmedia":[{"embeddable":true,"href":"https:\/\/www.sopha-sahara.com\/en\/wp-json\/wp\/v2\/media\/21640"}],"wp:attachment":[{"href":"https:\/\/www.sopha-sahara.com\/en\/wp-json\/wp\/v2\/media?parent=21697"}],"wp:term":[{"taxonomy":"product_cat","embeddable":true,"href":"https:\/\/www.sopha-sahara.com\/en\/wp-json\/wp\/v2\/product_cat?post=21697"},{"taxonomy":"product_tag","embeddable":true,"href":"https:\/\/www.sopha-sahara.com\/en\/wp-json\/wp\/v2\/product_tag?post=21697"}],"curies":[{"name":"wp","href":"https:\/\/api.w.org\/{rel}","templated":true}]}}