{"id":21696,"date":"2020-12-11T16:28:38","date_gmt":"2020-12-11T15:28:38","guid":{"rendered":"https:\/\/www.interbusinesschamber.com\/produit\/isispharma-neotone-radiance-spf-50-30ml\/"},"modified":"2020-12-30T17:23:53","modified_gmt":"2020-12-30T16:23:53","slug":"isispharma-neotone-radiance-spf-50-30ml","status":"publish","type":"product","link":"https:\/\/www.sopha-sahara.com\/en\/product\/isispharma-neotone-radiance-spf-50-30ml\/","title":{"rendered":"ISISPHARMA NEOTONE RADIANCE SPF 50+ 30ML"},"content":{"rendered":"<div class=\"product-wrapper-desc\">\n<p><strong>PROPRI\u00c9T\u00c9S DES PRINCIPAUX ACTIFS<\/strong><\/p>\n<p>\u2022\u00a0ACIDE ASCORBIQUE\u00a0: am\u00e9liore l\u2019\u00e9clat de la peau, \u00e9claircit et redonne au teint sa luminosit\u00e9<br \/>\u2022\u00a0DIACETYL BOLDINE\u00a0: r\u00e9duit la production de m\u00e9lanine en laissant la tyrosinase dans sa forme inactive<br \/>\u2022\u00a0PEPTIDE BIOMIM\u00c9TIQUE\u00a0(encapsul\u00e9 dans un liposome) : diminue les prot\u00e9ines impliqu\u00e9es dans le processus de la pigmentation et r\u00e9duit donc la synth\u00e8se de la tyrosinase et de la m\u00e9lanine<br \/>\u2022\u00a0FILTRES CHIMIQUES ET MIN\u00c9RAUX UVB\/UVA large spectre\u00a0: prot\u00e8gent la peau des dommages caus\u00e9s par le soleil<\/p>\n<\/div>\n<div class=\"product-wrapper-ctn howtouse howtouse-neotone\">\n<div class=\"product-wrapper-title neotone\"><strong>UTILISATION<\/strong><\/div>\n<div class=\"product-wrapper-desc\">\n<p>Appliquer le matin sur l\u2019ensemble du visage et du cou, ou comme indiqu\u00e9 par votre dermatologue ou professionnel de sant\u00e9. \u00c9viter le contact avec les yeux.<\/p>\n<p>La fonction principale de ce produit n\u2019est pas la protection solaire<\/p>\n<\/div>\n<\/div>\n<div class=\"product-wrapper-ctn\">\n<div class=\"product-wrapper-desc\">\n<p>&nbsp;<\/p>\n<p>0% PARAB\u00c8NE \u2022 NON COM\u00c9DOG\u00c8NE<\/p>\n<\/div>\n<\/div>","protected":false},"excerpt":{"rendered":"<p>NEOTONE\u00ae radiance\u00a0SPF 50+\u00a0assure une efficacit\u00e9 anti-taches et pr\u00e9ventive par sa protection SPF 50+ et son association de puissants actifs qui r\u00e9duisent l\u2019intensit\u00e9 des taches pigmentaires et favorisent leur \u00e9limination.<\/p>\n<p>Formule\u00a0adapt\u00e9e aux peaux sensibles.<\/p>\n<p>Efficacit\u00e9 cliniquement prouv\u00e9e.<\/p>","protected":false},"featured_media":21638,"template":"","meta":{"arc_restricted_post":false},"product_cat":[48,327],"product_tag":[],"_links":{"self":[{"href":"https:\/\/www.sopha-sahara.com\/en\/wp-json\/wp\/v2\/product\/21696"}],"collection":[{"href":"https:\/\/www.sopha-sahara.com\/en\/wp-json\/wp\/v2\/product"}],"about":[{"href":"https:\/\/www.sopha-sahara.com\/en\/wp-json\/wp\/v2\/types\/product"}],"wp:featuredmedia":[{"embeddable":true,"href":"https:\/\/www.sopha-sahara.com\/en\/wp-json\/wp\/v2\/media\/21638"}],"wp:attachment":[{"href":"https:\/\/www.sopha-sahara.com\/en\/wp-json\/wp\/v2\/media?parent=21696"}],"wp:term":[{"taxonomy":"product_cat","embeddable":true,"href":"https:\/\/www.sopha-sahara.com\/en\/wp-json\/wp\/v2\/product_cat?post=21696"},{"taxonomy":"product_tag","embeddable":true,"href":"https:\/\/www.sopha-sahara.com\/en\/wp-json\/wp\/v2\/product_tag?post=21696"}],"curies":[{"name":"wp","href":"https:\/\/api.w.org\/{rel}","templated":true}]}}