{"id":21695,"date":"2020-12-11T16:28:38","date_gmt":"2020-12-11T15:28:38","guid":{"rendered":"https:\/\/www.interbusinesschamber.com\/produit\/isispharma-neotone-depigmentation\/"},"modified":"2020-12-30T17:22:11","modified_gmt":"2020-12-30T16:22:11","slug":"isispharma-neotone-depigmentation","status":"publish","type":"product","link":"https:\/\/www.sopha-sahara.com\/en\/product\/isispharma-neotone-depigmentation\/","title":{"rendered":"ISISPHARMA NEOTONE DEPIGMENTATION"},"content":{"rendered":"<div class=\"product-wrapper-title neotone\"><strong>UTILISATION<\/strong><\/div>\n<div class=\"product-wrapper-desc\">\n<p>Appliquer quotidiennement le soir sur les zones hyperpigment\u00e9es ou comme indiqu\u00e9 par votre dermatologue ou professionnel de sant\u00e9. Utiliser une protection solaire adapt\u00e9e pendant la dur\u00e9e du soin et une semaine apr\u00e8s son interruption. \u00c9viter le contact avec les yeux.<\/p>\n<\/div>","protected":false},"excerpt":{"rendered":"<p>NEOTONE\u00ae\u00a0assure une parfaite efficacit\u00e9 anti-taches et pr\u00e9ventive par l\u2019association de 6 puissants actifs synergiques qui r\u00e9duisent l\u2019intensit\u00e9 des taches pigmentaires et favorisent leur \u00e9limination.<\/p>\n<p>Efficacit\u00e9 cliniquement prouv\u00e9e.<\/p>\n<p>PROPRI\u00c9T\u00c9S DES PRINCIPAUX ACTIFS<\/p>\n<p>\u2022\u00a0DIACETYL BOLDINE\u00a0: r\u00e9duit la production de m\u00e9lanine en laissant la tyrosinase sous sa forme inactive<\/p>\n<p>\u2022\u00a0LICORICE\u00a0+\u00a0\u03b1-ARBUTINE\u00a0+\u00a0ACIDE ASCORBIQUE\u00a0: r\u00e9duisent la m\u00e9lanog\u00e9n\u00e8se par la diminution de l\u2019action de la tyrosinase<\/p>\n<p>\u2022\u00a0ACIDE GLYCOLIQUE\u00a0+\u00a0ACIDE SALICYLIQUE\u00a0: exfolient la m\u00e9lanine pr\u00e9form\u00e9e<\/p>","protected":false},"featured_media":21636,"template":"","meta":{"arc_restricted_post":false},"product_cat":[48,327],"product_tag":[],"_links":{"self":[{"href":"https:\/\/www.sopha-sahara.com\/en\/wp-json\/wp\/v2\/product\/21695"}],"collection":[{"href":"https:\/\/www.sopha-sahara.com\/en\/wp-json\/wp\/v2\/product"}],"about":[{"href":"https:\/\/www.sopha-sahara.com\/en\/wp-json\/wp\/v2\/types\/product"}],"wp:featuredmedia":[{"embeddable":true,"href":"https:\/\/www.sopha-sahara.com\/en\/wp-json\/wp\/v2\/media\/21636"}],"wp:attachment":[{"href":"https:\/\/www.sopha-sahara.com\/en\/wp-json\/wp\/v2\/media?parent=21695"}],"wp:term":[{"taxonomy":"product_cat","embeddable":true,"href":"https:\/\/www.sopha-sahara.com\/en\/wp-json\/wp\/v2\/product_cat?post=21695"},{"taxonomy":"product_tag","embeddable":true,"href":"https:\/\/www.sopha-sahara.com\/en\/wp-json\/wp\/v2\/product_tag?post=21695"}],"curies":[{"name":"wp","href":"https:\/\/api.w.org\/{rel}","templated":true}]}}