{"id":21694,"date":"2020-12-11T16:28:38","date_gmt":"2020-12-11T15:28:38","guid":{"rendered":"https:\/\/www.interbusinesschamber.com\/produit\/isispharma-light-eyes-spf-30-15ml\/"},"modified":"2020-12-30T17:19:19","modified_gmt":"2020-12-30T16:19:19","slug":"isispharma-light-eyes-spf-30-15ml","status":"publish","type":"product","link":"https:\/\/www.sopha-sahara.com\/en\/product\/isispharma-light-eyes-spf-30-15ml\/","title":{"rendered":"ISISPHARMA LIGHT EYES SPF 30 15ML"},"content":{"rendered":"<div class=\"product-wrapper-desc\">\n<p><strong>PROPRI\u00c9T\u00c9S DES INGR\u00c9DIENTS PRINCIPAUX<\/strong><\/p>\n<p>\u2022\u00a0MATRIKINES SP\u00c9CIFIQUES\u00a0+\u00a0CHRYSINE\u00a0:\u00a0renforcent la fermet\u00e9 et la tonicit\u00e9 du contour de l\u2019\u0153il et stimulent l\u2019\u00e9limination des \u00a0pigments responsables de la coloration des cernes et de l\u2019inflammation locale<\/p>\n<p>\u2022\u00a0EXTRAIT DE POIS\u00a0+\u00a0SUCROSE DILAURATE\u00a0:\u00a0\u00e9claircissent la peau et am\u00e9liorent l\u2019homog\u00e9n\u00e9it\u00e9 du teint<\/p>\n<p>\u2022\u00a0T\u00c9TRAPEPTIDE SP\u00c9CIFIQUE\u00a0: r\u00e9duit les poches et les cernes et am\u00e9liore l\u2019\u00e9lasticit\u00e9 et l\u2019hydratation de la peau<\/p>\n<p>\u2022\u00a0ACIDE LIPO\u00cfQUE\u00a0: antioxydant puissant \/ am\u00e9liore la protection de toutes les cellules de l\u2019organisme<\/p>\n<\/div>\n<div class=\"product-wrapper-ctn howtouse howtouse-lighteyes\">\n<div class=\"product-wrapper-title lighteyes\"><strong>UTILISATION<\/strong><\/div>\n<div class=\"product-wrapper-desc\">\n<p>Appliquer l\u2019hydrogel\u00a0light eyes\u00ae\u00a0sur le contour de l\u2019oeil matin et soir par l\u00e9gers tapotements. Faire p\u00e9n\u00e9trer sous\u00a0forme de mouvements circulaires en commen\u00e7ant par la base du nez. Remonter ensuite en suivant l\u2019arcade\u00a0sourcili\u00e8re pour finir par la paupi\u00e8re inf\u00e9rieure.<\/p>\n<\/div>\n<\/div>\n<div class=\"product-wrapper-ctn\">\n<div class=\"product-wrapper-desc\">\n<p>&nbsp;<\/p>\n<p>0% PARAB\u00c8NE \u2022 0% PH\u00c9NOXY\u00c9THANOL \u2022 SANS PARFUM<\/p>\n<\/div>\n<\/div>","protected":false},"excerpt":{"rendered":"<p>light eyes\u00ae\u00a0est un hydrogel frais sp\u00e9cialement formul\u00e9 pour le soin du contour de l\u2019\u0153il.<\/p>","protected":false},"featured_media":21635,"template":"","meta":{"arc_restricted_post":false},"product_cat":[48,327],"product_tag":[],"_links":{"self":[{"href":"https:\/\/www.sopha-sahara.com\/en\/wp-json\/wp\/v2\/product\/21694"}],"collection":[{"href":"https:\/\/www.sopha-sahara.com\/en\/wp-json\/wp\/v2\/product"}],"about":[{"href":"https:\/\/www.sopha-sahara.com\/en\/wp-json\/wp\/v2\/types\/product"}],"wp:featuredmedia":[{"embeddable":true,"href":"https:\/\/www.sopha-sahara.com\/en\/wp-json\/wp\/v2\/media\/21635"}],"wp:attachment":[{"href":"https:\/\/www.sopha-sahara.com\/en\/wp-json\/wp\/v2\/media?parent=21694"}],"wp:term":[{"taxonomy":"product_cat","embeddable":true,"href":"https:\/\/www.sopha-sahara.com\/en\/wp-json\/wp\/v2\/product_cat?post=21694"},{"taxonomy":"product_tag","embeddable":true,"href":"https:\/\/www.sopha-sahara.com\/en\/wp-json\/wp\/v2\/product_tag?post=21694"}],"curies":[{"name":"wp","href":"https:\/\/api.w.org\/{rel}","templated":true}]}}