{"id":21693,"date":"2020-12-11T16:28:38","date_gmt":"2020-12-11T15:28:38","guid":{"rendered":"https:\/\/www.interbusinesschamber.com\/produit\/isispharma-light-eyes-contour-des-yeux-15ml\/"},"modified":"2020-12-30T17:20:38","modified_gmt":"2020-12-30T16:20:38","slug":"isispharma-light-eyes-contour-des-yeux-15ml","status":"publish","type":"product","link":"https:\/\/www.sopha-sahara.com\/en\/product\/isispharma-light-eyes-contour-des-yeux-15ml\/","title":{"rendered":"ISISPHARMA LIGHT EYES CONTOUR DES YEUX 15ML"},"content":{"rendered":"","protected":false},"excerpt":{"rendered":"<ul>\n<li>\n<p>Light Eyes a \u00e9t\u00e9 formul\u00e9 pour d\u00e9congestionner le contour des yeux.\u00a0<span class=\"goog-text-highlight\">Son complexe d&rsquo;ingr\u00e9dients actifs associ\u00e9 \u00e0 un antioxydant puissant contribue \u00e0 r\u00e9duire la vieillissement des yeux, les cernes et l&rsquo;hyper pigmentation p\u00e9rioculaire tandis que:<\/span><\/p>\n<\/li>\n<li>\n<p>Renforcer la tonicit\u00e9 de l&rsquo; oeil , Augmenter le flux sanguin &#8230;\u00c9liminer les pigments responsables de la coloration des cernes\u00a0<\/p>\n<\/li>\n<li>\n<p>Prot\u00e9ger des agressions externes (Responsable de l&rsquo;oxydation et donc d&rsquo;une plus grande pigmentation)<\/p>\n<\/li>\n<\/ul>","protected":false},"featured_media":21634,"template":"","meta":{"arc_restricted_post":false},"product_cat":[48,327],"product_tag":[],"_links":{"self":[{"href":"https:\/\/www.sopha-sahara.com\/en\/wp-json\/wp\/v2\/product\/21693"}],"collection":[{"href":"https:\/\/www.sopha-sahara.com\/en\/wp-json\/wp\/v2\/product"}],"about":[{"href":"https:\/\/www.sopha-sahara.com\/en\/wp-json\/wp\/v2\/types\/product"}],"wp:featuredmedia":[{"embeddable":true,"href":"https:\/\/www.sopha-sahara.com\/en\/wp-json\/wp\/v2\/media\/21634"}],"wp:attachment":[{"href":"https:\/\/www.sopha-sahara.com\/en\/wp-json\/wp\/v2\/media?parent=21693"}],"wp:term":[{"taxonomy":"product_cat","embeddable":true,"href":"https:\/\/www.sopha-sahara.com\/en\/wp-json\/wp\/v2\/product_cat?post=21693"},{"taxonomy":"product_tag","embeddable":true,"href":"https:\/\/www.sopha-sahara.com\/en\/wp-json\/wp\/v2\/product_tag?post=21693"}],"curies":[{"name":"wp","href":"https:\/\/api.w.org\/{rel}","templated":true}]}}