{"id":21692,"date":"2020-12-11T16:28:38","date_gmt":"2020-12-11T15:28:38","guid":{"rendered":"https:\/\/www.interbusinesschamber.com\/produit\/isispharma-glyco-a-12-creme-renovatrice-nuit-30-ml\/"},"modified":"2020-12-30T17:20:14","modified_gmt":"2020-12-30T16:20:14","slug":"isispharma-glyco-a-12-creme-renovatrice-nuit-30-ml","status":"publish","type":"product","link":"https:\/\/www.sopha-sahara.com\/en\/product\/isispharma-glyco-a-12-creme-renovatrice-nuit-30-ml\/","title":{"rendered":"ISISPHARMA GLYCO-A 12% &#8211; CR\u00c8ME R\u00c9NOVATRICE NUIT (30 ML)"},"content":{"rendered":"<div class=\"dialog noborder\">\n<div class=\"content\">\n<div class=\"details\">\n<div class=\"product-details\">\n<div class=\"details\">\n<div class=\"descr\"><strong>UTILISATION<\/strong>\u00a0<br \/>Appliquer GLYCO-A 12% tous les deux jours, de pr\u00e9f\u00e9rence le soir, pendant les 2 premi\u00e8res semaines et chaque jour apr\u00e8s cette p\u00e9riode. Il peut \u00eatre utilis\u00e9 avec d'autres cr\u00e8mes cosm\u00e9tiques.\u00a0<\/p>\n<p><strong>PROPRI\u00c9T\u00c9S<\/strong>\u00a0<br \/>Gr\u00e2ce \u00e0 sa haute concentration en Acide glycolique, GLYCO-A 12 % :\u00a0<\/p>\n<p>1. R\u00e9duit les rides, en exfoliant la couche d'\u00e9piderme et activant le renouvellement des cellules\u00a0<\/p>\n<p>2. Lisse la peau\u00a0<\/p>\n<p>3. \u00c9claircit le teint et resserre les pores\u00a0<\/p>\n<p><strong>INGR\u00c9DIENTS<\/strong>\u00a0<br \/>AQUA (WATER), GLYCOLIC ACID, CETYL ALCOHOL, PARAFFINUM LIQUIDUM (MINERAL OIL), CETETH-20, STEARIC ACID, STEARETH-20, AMMONIUM HYDROXIDE, PARFUM (FRAGRANCE), METHYCHLOROISOTHIAZOLINONE, METHYLISOTHIAZOLINONE, BUTYLPHENYL METHYLPROPIONAL, GERANIOL, LIMONENE, LINALOOL, HEXYL CINNAMAL, CITRONELLOL, ALPHA-ISOMETHYL IONONE, CITRAL<\/div>\n<\/div>\n<\/div>\n<\/div>\n<\/div>\n<\/div>\n<div class=\"dialog acr-dialog list-dialog\">\n<div class=\"title\">\n<h2>\u00a0<\/h2>\n<\/div>\n<\/div>","protected":false},"excerpt":{"rendered":"<p>Peeling cosm\u00e9tique\u00a0<br \/>Acide glycolique \u2013 Cr\u00e8me r\u00e9novatrice de peau\u00a0<\/p>","protected":false},"featured_media":21633,"template":"","meta":{"arc_restricted_post":false},"product_cat":[48,327],"product_tag":[],"_links":{"self":[{"href":"https:\/\/www.sopha-sahara.com\/en\/wp-json\/wp\/v2\/product\/21692"}],"collection":[{"href":"https:\/\/www.sopha-sahara.com\/en\/wp-json\/wp\/v2\/product"}],"about":[{"href":"https:\/\/www.sopha-sahara.com\/en\/wp-json\/wp\/v2\/types\/product"}],"wp:featuredmedia":[{"embeddable":true,"href":"https:\/\/www.sopha-sahara.com\/en\/wp-json\/wp\/v2\/media\/21633"}],"wp:attachment":[{"href":"https:\/\/www.sopha-sahara.com\/en\/wp-json\/wp\/v2\/media?parent=21692"}],"wp:term":[{"taxonomy":"product_cat","embeddable":true,"href":"https:\/\/www.sopha-sahara.com\/en\/wp-json\/wp\/v2\/product_cat?post=21692"},{"taxonomy":"product_tag","embeddable":true,"href":"https:\/\/www.sopha-sahara.com\/en\/wp-json\/wp\/v2\/product_tag?post=21692"}],"curies":[{"name":"wp","href":"https:\/\/api.w.org\/{rel}","templated":true}]}}