{"id":21691,"date":"2020-12-11T16:28:38","date_gmt":"2020-12-11T15:28:38","guid":{"rendered":"https:\/\/www.interbusinesschamber.com\/produit\/isispharma-uveblock-invisible-fluid-50-40ml\/"},"modified":"2020-12-30T17:31:49","modified_gmt":"2020-12-30T16:31:49","slug":"isispharma-uveblock-invisible-fluid-50-40ml","status":"publish","type":"product","link":"https:\/\/www.sopha-sahara.com\/en\/product\/isispharma-uveblock-invisible-fluid-50-40ml\/","title":{"rendered":"ISISPHARMA UVEBLOCK INVISIBLE FLUID 50+ 40ML"},"content":{"rendered":"<div class=\"product-wrapper-desc\">\n<p><strong>PROPRI\u00c9T\u00c9S DES INGR\u00c9DIENTS PRINCIPAUX<\/strong><\/p>\n<p>\u2022\u00a0ECTO\u00cfNE\u00a0: ingr\u00e9dient naturel \/ protection cellulaire et immunitaire \/ hydratation \u00e0 long terme<\/p>\n<\/div>\n<div class=\"product-wrapper-ctn howtouse howtouse-uveblock\">\n<div class=\"product-wrapper-title uveblock\"><strong>UTILISATION<\/strong><\/div>\n<div class=\"product-wrapper-desc\">\n<p>Appliquer\u00a0UVEBLOCK\u00ae 50+ INVISIBLE FLUID\u00a0uniform\u00e9ment et en quantit\u00e9 suffisante sur le visage et le cou 15 minutes avant l\u2019exposition. Renouveler fr\u00e9quemment, surtout apr\u00e8s chaque bain, activit\u00e9s sportives et frottements. \u00c9viter le contact avec les yeux.<\/p>\n<\/div>\n<\/div>\n<div class=\"product-wrapper-ctn\">\n<div class=\"product-wrapper-desc\">\n<p>&nbsp;<\/p>\n<p>0% PARAB\u00c8NE \u2022 SANS PARFUM \u2022 R\u00c9SISTANT \u00c0 L\u2019EAU<\/p>\n<\/div>\n<\/div>","protected":false},"excerpt":{"rendered":"<p>UVEBLOCK\u00ae 50+ INVISIBLE FLUID\u00a0a \u00e9t\u00e9 d\u00e9velopp\u00e9 avec une combinaison optimale de filtres offrant une tr\u00e8s haute protection contre les UVA et UVB. L\u2019ecto\u00efne, substance naturelle, apporte une protection cellulaire et une hydratation \u00e0 long terme.<\/p>","protected":false},"featured_media":21646,"template":"","meta":{"arc_restricted_post":false},"product_cat":[48,327],"product_tag":[],"_links":{"self":[{"href":"https:\/\/www.sopha-sahara.com\/en\/wp-json\/wp\/v2\/product\/21691"}],"collection":[{"href":"https:\/\/www.sopha-sahara.com\/en\/wp-json\/wp\/v2\/product"}],"about":[{"href":"https:\/\/www.sopha-sahara.com\/en\/wp-json\/wp\/v2\/types\/product"}],"wp:featuredmedia":[{"embeddable":true,"href":"https:\/\/www.sopha-sahara.com\/en\/wp-json\/wp\/v2\/media\/21646"}],"wp:attachment":[{"href":"https:\/\/www.sopha-sahara.com\/en\/wp-json\/wp\/v2\/media?parent=21691"}],"wp:term":[{"taxonomy":"product_cat","embeddable":true,"href":"https:\/\/www.sopha-sahara.com\/en\/wp-json\/wp\/v2\/product_cat?post=21691"},{"taxonomy":"product_tag","embeddable":true,"href":"https:\/\/www.sopha-sahara.com\/en\/wp-json\/wp\/v2\/product_tag?post=21691"}],"curies":[{"name":"wp","href":"https:\/\/api.w.org\/{rel}","templated":true}]}}