{"id":21690,"date":"2020-12-11T16:28:37","date_gmt":"2020-12-11T15:28:37","guid":{"rendered":"https:\/\/www.interbusinesschamber.com\/produit\/isispharma-uveblock-80-creme-invisible\/"},"modified":"2020-12-30T17:30:21","modified_gmt":"2020-12-30T16:30:21","slug":"isispharma-uveblock-80-creme-invisible","status":"publish","type":"product","link":"https:\/\/www.sopha-sahara.com\/en\/product\/isispharma-uveblock-80-creme-invisible\/","title":{"rendered":"ISISPHARMA UVEBLOCK 80 CR\u00c8ME INVISIBLE"},"content":{"rendered":"","protected":false},"excerpt":{"rendered":"<p>Isispharma Uveblock 80 cr\u00e8me Invisible protection solaire,cr\u00e8me min\u00e8rale protection extreme.\u00a0<\/p>","protected":false},"featured_media":21645,"template":"","meta":{"arc_restricted_post":false},"product_cat":[48,327],"product_tag":[],"_links":{"self":[{"href":"https:\/\/www.sopha-sahara.com\/en\/wp-json\/wp\/v2\/product\/21690"}],"collection":[{"href":"https:\/\/www.sopha-sahara.com\/en\/wp-json\/wp\/v2\/product"}],"about":[{"href":"https:\/\/www.sopha-sahara.com\/en\/wp-json\/wp\/v2\/types\/product"}],"wp:featuredmedia":[{"embeddable":true,"href":"https:\/\/www.sopha-sahara.com\/en\/wp-json\/wp\/v2\/media\/21645"}],"wp:attachment":[{"href":"https:\/\/www.sopha-sahara.com\/en\/wp-json\/wp\/v2\/media?parent=21690"}],"wp:term":[{"taxonomy":"product_cat","embeddable":true,"href":"https:\/\/www.sopha-sahara.com\/en\/wp-json\/wp\/v2\/product_cat?post=21690"},{"taxonomy":"product_tag","embeddable":true,"href":"https:\/\/www.sopha-sahara.com\/en\/wp-json\/wp\/v2\/product_tag?post=21690"}],"curies":[{"name":"wp","href":"https:\/\/api.w.org\/{rel}","templated":true}]}}