{"id":21689,"date":"2020-12-11T16:28:37","date_gmt":"2020-12-11T15:28:37","guid":{"rendered":"https:\/\/www.interbusinesschamber.com\/produit\/isis-pharma-urelia-10-creme-hydratante-exfoliante-150-ml\/"},"modified":"2020-12-30T17:13:15","modified_gmt":"2020-12-30T16:13:15","slug":"isis-pharma-urelia-10-creme-hydratante-exfoliante-150-ml","status":"publish","type":"product","link":"https:\/\/www.sopha-sahara.com\/en\/product\/isis-pharma-urelia-10-creme-hydratante-exfoliante-150-ml\/","title":{"rendered":"ISIS PHARMA URELIA 10 CR\u00c8ME HYDRATANTE EXFOLIANTE 150 ML"},"content":{"rendered":"<div class=\"product-wrapper-desc\">\n<p><strong>PROPRI\u00c9T\u00c9S DES INGR\u00c9DIENTS PRINCIPAUX<\/strong><\/p>\n<p>\u2022\u00a0UR\u00c9E (10%): \u00e9limine les squames et r\u00e9gule la division cellulaire \/ hydrate \/ apaise\u00a0\/ favorise la p\u00e9n\u00e9tration des ingr\u00e9dients<\/p>\n<p>\u2022\u00a0COMPLEXE BREVET\u00c9 D\u2019ACIDES AMIN\u00c9S: pr\u00e9vient et r\u00e9pare les dommages cutan\u00e9s \/ restaure la fonction barri\u00e8re naturelle de la peau<\/p>\n<p>\u2022\u00a0A.H.A: k\u00e9rator\u00e9gulateur<\/p>\n<p>\u2022\u00a0CHLORURE DE SODIUM:\u00a0optimise l\u2019efficacit\u00e9 de l\u2019ur\u00e9e<\/p>\n<p>\u2022\u00a0GLYC\u00c9RINE\u00a0+\u00a0CIRE D\u2019ABEILLE\u00a0+\u00a0BEURRE DE KARIT\u00c9: propri\u00e9t\u00e9s \u00e9mollientes et hydratantes<\/p>\n<\/div>\n<div class=\"product-wrapper-ctn howtouse howtouse-urelia\">\n<div class=\"product-wrapper-title urelia\"><strong>UTILISATION<\/strong><\/div>\n<div class=\"product-wrapper-desc\">\n<p>Appliquer g\u00e9n\u00e9reusement\u00a0URELIA\u00ae 10\u00a01 \u00e0 2 fois par jour sur les zones concern\u00e9es sur une peau propre et s\u00e8che. Effectuer des mouvements circulaires jusqu\u2019\u00e0 p\u00e9n\u00e9tration compl\u00e8te du produit. Eviter le contact avec les yeux. Usage externe.<\/p>\n<\/div>\n<\/div>\n<div class=\"product-wrapper-ctn\">\n<div class=\"product-wrapper-desc\">\n<p>&nbsp;<\/p>\n<p>0% PARAB\u00c8NE \u2022 0% PH\u00c9NOXY\u00c9THANOL \u2022 SANS PARFUM \u2022 HYPOALLERG\u00c9NIQUE<\/p>\n<\/div>\n<\/div>","protected":false},"excerpt":{"rendered":"<p>URELIA\u00ae 10\u00a0est sp\u00e9cialement adapt\u00e9e pour les\u00a0peaux tr\u00e8s s\u00e8ches \u00e0 tendance squameuse ou k\u00e9ratosique. Elle hydrate jusqu\u2019\u00e0 6 heures et \u00e9limine les squames. Riche en agents \u00e9mollients, il soulage imm\u00e9diatement l\u2019\u00e9piderme et restaure la barri\u00e8re cutan\u00e9e. La peau retrouve confort et souplesse. Sa texture onctueuse ultra-confortable ne colle pas et p\u00e9n\u00e8tre rapidement. Formule tr\u00e8s haute tol\u00e9rance.<\/p>","protected":false},"featured_media":21626,"template":"","meta":{"arc_restricted_post":false},"product_cat":[48,327],"product_tag":[],"_links":{"self":[{"href":"https:\/\/www.sopha-sahara.com\/en\/wp-json\/wp\/v2\/product\/21689"}],"collection":[{"href":"https:\/\/www.sopha-sahara.com\/en\/wp-json\/wp\/v2\/product"}],"about":[{"href":"https:\/\/www.sopha-sahara.com\/en\/wp-json\/wp\/v2\/types\/product"}],"wp:featuredmedia":[{"embeddable":true,"href":"https:\/\/www.sopha-sahara.com\/en\/wp-json\/wp\/v2\/media\/21626"}],"wp:attachment":[{"href":"https:\/\/www.sopha-sahara.com\/en\/wp-json\/wp\/v2\/media?parent=21689"}],"wp:term":[{"taxonomy":"product_cat","embeddable":true,"href":"https:\/\/www.sopha-sahara.com\/en\/wp-json\/wp\/v2\/product_cat?post=21689"},{"taxonomy":"product_tag","embeddable":true,"href":"https:\/\/www.sopha-sahara.com\/en\/wp-json\/wp\/v2\/product_tag?post=21689"}],"curies":[{"name":"wp","href":"https:\/\/api.w.org\/{rel}","templated":true}]}}