{"id":21688,"date":"2020-12-11T16:28:37","date_gmt":"2020-12-11T15:28:37","guid":{"rendered":"https:\/\/www.interbusinesschamber.com\/produit\/isis-pharma-metroruboril-a-z-creme-anti-rougeurs-30-ml\/"},"modified":"2020-12-30T16:47:52","modified_gmt":"2020-12-30T15:47:52","slug":"isis-pharma-metroruboril-a-z-creme-anti-rougeurs-30-ml","status":"publish","type":"product","link":"https:\/\/www.sopha-sahara.com\/en\/product\/isis-pharma-metroruboril-a-z-creme-anti-rougeurs-30-ml\/","title":{"rendered":"ISIS PHARMA METRORUBORIL A.Z CR\u00c8ME ANTI-ROUGEURS 30 ML"},"content":{"rendered":"","protected":false},"excerpt":{"rendered":"<p>metroruboril\u00ae a.z diminue efficacement l\u2019intensit\u00e9 des rougeurs s\u00e9v\u00e8res et r\u00e9duit les imperfections associ\u00e9es. sa formule concentr\u00e9e associe 15% d\u2019acide az\u00e9la\u00efque au complexe d\u2019actifs \u00df-calm\u00ae pour une am\u00e9lioration globale de l\u2019\u00e9tat de la peau. visiblement apais\u00e9e et prot\u00e9g\u00e9e des agressions ext\u00e9rieures elle retrouve son \u00e9quilibre naturel.<\/p>\n<p>propri\u00e9t\u00e9s des ingr\u00e9dients principaux<\/p>\n<p>\u2022 acide az\u00e9la\u00efque : action antibact\u00e9rienne antimicrobienne et anti-inflammatoire<br \/>\u2022 [complexe \u03b2\u2013 calm] : \u00a0association d\u2019actifs anti-rougeurs apaisants r\u00e9parateurs fortifiants et hydratants<br \/>\u2022glyc\u00e9rine : agent hydratant<br \/>utilisation<br \/>appliquer matin et soir sur le visage sur une peau propre.<\/p>\n<p>0% ph\u00e9noxy\u00e9thanol<\/p>\n<p>sans parfum \u2022 sans alcool<\/p>\n<p>test\u00e9 sous contr\u00f4le dermatologique<\/p>\n","protected":false},"featured_media":21605,"template":"","meta":{"arc_restricted_post":false},"product_cat":[48,327],"product_tag":[],"_links":{"self":[{"href":"https:\/\/www.sopha-sahara.com\/en\/wp-json\/wp\/v2\/product\/21688"}],"collection":[{"href":"https:\/\/www.sopha-sahara.com\/en\/wp-json\/wp\/v2\/product"}],"about":[{"href":"https:\/\/www.sopha-sahara.com\/en\/wp-json\/wp\/v2\/types\/product"}],"wp:featuredmedia":[{"embeddable":true,"href":"https:\/\/www.sopha-sahara.com\/en\/wp-json\/wp\/v2\/media\/21605"}],"wp:attachment":[{"href":"https:\/\/www.sopha-sahara.com\/en\/wp-json\/wp\/v2\/media?parent=21688"}],"wp:term":[{"taxonomy":"product_cat","embeddable":true,"href":"https:\/\/www.sopha-sahara.com\/en\/wp-json\/wp\/v2\/product_cat?post=21688"},{"taxonomy":"product_tag","embeddable":true,"href":"https:\/\/www.sopha-sahara.com\/en\/wp-json\/wp\/v2\/product_tag?post=21688"}],"curies":[{"name":"wp","href":"https:\/\/api.w.org\/{rel}","templated":true}]}}