{"id":21687,"date":"2020-12-11T16:28:37","date_gmt":"2020-12-11T15:28:37","guid":{"rendered":"https:\/\/www.interbusinesschamber.com\/produit\/isis-pharma-secalia-aha-emollient-corporel-keratoreducteur-200ml\/"},"modified":"2020-12-30T16:57:41","modified_gmt":"2020-12-30T15:57:41","slug":"isis-pharma-secalia-aha-emollient-corporel-keratoreducteur-200ml","status":"publish","type":"product","link":"https:\/\/www.sopha-sahara.com\/en\/product\/isis-pharma-secalia-aha-emollient-corporel-keratoreducteur-200ml\/","title":{"rendered":"ISIS PHARMA SECALIA AHA EMOLLIENT CORPOREL K\u00c9RATOR\u00c9DUCTEUR 200ML"},"content":{"rendered":"","protected":false},"excerpt":{"rendered":"<p>Secalia\u00ae a.h.a est un lait sp\u00e9cialement destin\u00e9 aux peaux sensibles et s\u00e8ches \u00e0 tendance squameuse. il permet d\u2019\u00e9liminer les squames tout en apportant un effet r\u00e9parateur et une hydratation longue dur\u00e9e jusqu\u2019\u00e0 8 heures.<\/p>\n<p>APPLIQUER SECALIA\u00ae A.H.A UNE OU DEUX FOIS PAR SEMAINE OU SELON LES CONSEILS DE VOTRE DERMATOLOGUE OU PROFESSIONNEL DE SANT\u00c9. UTILISER UNE PROTECTION SOLAIRE ADAPT\u00c9E SUR LES ZONES EXPOS\u00c9ES PENDANT LA DUR\u00c9E DU TRAITEMENT ET UNE SEMAINE APR\u00c8S SON INTERRUPTION.<\/p>\n<p>GLYC\u00c9RINE : HYDRATE RENFORCE LE FILM HYDROLIPIDIQUE DE LA PEAU AINSI QUE LA BARRI\u00c8RE CUTAN\u00c9E<br \/>A.H.A : AUGMENTENT L\u2019EXFOLIATION DE LA PEAU POUR \u00c9LIMINER LES SQUAMES ET LES \u00a0ZONES RUGUEUSES DES PEAUX EXTR\u00caMEMENT S\u00c8CHES<br \/>BEURRE DE KARIT\u00c9 : AM\u00c9LIORE L\u2019\u00c9LASTICIT\u00c9 LA DOUCEUR ET LA SOUPLESSE DES PEAUX S\u00c8CHES APAISE ET NOURRIT<br \/>HUILE D\u2019INCA INCHI : HYDRATE RESTAURE LA FONCTION BARRI\u00c8RE DE LA PEAU ET POSS\u00c8DE DES PROPRI\u00c9T\u00c9S ANTIOXYDANTES<\/p>","protected":false},"featured_media":21612,"template":"","meta":{"arc_restricted_post":false},"product_cat":[48,327],"product_tag":[],"_links":{"self":[{"href":"https:\/\/www.sopha-sahara.com\/en\/wp-json\/wp\/v2\/product\/21687"}],"collection":[{"href":"https:\/\/www.sopha-sahara.com\/en\/wp-json\/wp\/v2\/product"}],"about":[{"href":"https:\/\/www.sopha-sahara.com\/en\/wp-json\/wp\/v2\/types\/product"}],"wp:featuredmedia":[{"embeddable":true,"href":"https:\/\/www.sopha-sahara.com\/en\/wp-json\/wp\/v2\/media\/21612"}],"wp:attachment":[{"href":"https:\/\/www.sopha-sahara.com\/en\/wp-json\/wp\/v2\/media?parent=21687"}],"wp:term":[{"taxonomy":"product_cat","embeddable":true,"href":"https:\/\/www.sopha-sahara.com\/en\/wp-json\/wp\/v2\/product_cat?post=21687"},{"taxonomy":"product_tag","embeddable":true,"href":"https:\/\/www.sopha-sahara.com\/en\/wp-json\/wp\/v2\/product_tag?post=21687"}],"curies":[{"name":"wp","href":"https:\/\/api.w.org\/{rel}","templated":true}]}}