{"id":21686,"date":"2020-12-11T16:28:37","date_gmt":"2020-12-11T15:28:37","guid":{"rendered":"https:\/\/www.interbusinesschamber.com\/produit\/isis-pharma-secalia-balm-200ml\/"},"modified":"2020-12-30T17:00:00","modified_gmt":"2020-12-30T16:00:00","slug":"isis-pharma-secalia-balm-200ml","status":"publish","type":"product","link":"https:\/\/www.sopha-sahara.com\/en\/product\/isis-pharma-secalia-balm-200ml\/","title":{"rendered":"ISIS PHARMA SECALIA BALM 200ML"},"content":{"rendered":"","protected":false},"excerpt":{"rendered":"<p>S\u00e9calia Balm\u00a0soulage imm\u00e9diatement les peaux s\u00e8ches et \u00e0 tendance atopique. Hautement concentr\u00e9 en agents \u00e9mollients, il relipide et r\u00e9pare la barri\u00e8re cutan\u00e9e tout en hydratant l\u2019\u00e9piderme jusqu\u2019\u00e0 8 heures. Prot\u00e9g\u00e9e des agressions ext\u00e9rieures, la peau retrouve confort et souplesse. Sa texture ultra-onctueuse ne colle pas et p\u00e9n\u00e8tre rapidement. Formule tr\u00e8s haute tol\u00e9rance.<\/p>\n<p>Test\u00e9 sous contr\u00f4le dermatologique.<\/p>\n<p>Appliquer S\u00e9calia Balm 1 \u00e0 2 fois par jour sur les zones concern\u00e9es sur une peau propre et s\u00e8che.\u00a0<br \/>Effectuer des mouvements circulaires jusqu\u2019\u00e0 p\u00e9n\u00e9tration compl\u00e8te du produit.\u00a0<br \/>Eviter le contact avec les yeux.\u00a0<br \/>Usage externe.<\/p>\n<p>Propri\u00e9t\u00e9s des ingr\u00e9dients principaux :<br \/>Beurre de Karit\u00e9 (10%): am\u00e9liore l\u2019\u00e9lasticit\u00e9, la douceur et la souplesse des peaux s\u00e8ches, apaise et nourrit.<br \/>Huile d\u2019Inca-Inchi : hydrate, restaure la fonction barri\u00e8re de la peau et poss\u00e8de des propri\u00e9t\u00e9s antioxydantes.<br \/>Glyc\u00e9rine : hydrate, renforce le film hydrolipidique de la peau ainsi que la barri\u00e8re cutan\u00e9e.<br \/>Sans parfum &#8211; Hypoallerg\u00e9nique.<\/p>","protected":false},"featured_media":21613,"template":"","meta":{"arc_restricted_post":false},"product_cat":[48,327],"product_tag":[],"_links":{"self":[{"href":"https:\/\/www.sopha-sahara.com\/en\/wp-json\/wp\/v2\/product\/21686"}],"collection":[{"href":"https:\/\/www.sopha-sahara.com\/en\/wp-json\/wp\/v2\/product"}],"about":[{"href":"https:\/\/www.sopha-sahara.com\/en\/wp-json\/wp\/v2\/types\/product"}],"wp:featuredmedia":[{"embeddable":true,"href":"https:\/\/www.sopha-sahara.com\/en\/wp-json\/wp\/v2\/media\/21613"}],"wp:attachment":[{"href":"https:\/\/www.sopha-sahara.com\/en\/wp-json\/wp\/v2\/media?parent=21686"}],"wp:term":[{"taxonomy":"product_cat","embeddable":true,"href":"https:\/\/www.sopha-sahara.com\/en\/wp-json\/wp\/v2\/product_cat?post=21686"},{"taxonomy":"product_tag","embeddable":true,"href":"https:\/\/www.sopha-sahara.com\/en\/wp-json\/wp\/v2\/product_tag?post=21686"}],"curies":[{"name":"wp","href":"https:\/\/api.w.org\/{rel}","templated":true}]}}